{"id":338852,"date":"2025-09-29T17:07:24","date_gmt":"2025-09-29T20:07:24","guid":{"rendered":"https:\/\/www.livrariarema.com.br\/loja\/produtos\/sem categoria\/deus-em-sandalias-365-devocionais-para-lideres-christopher-shaw\/"},"modified":"2025-11-10T15:00:40","modified_gmt":"2025-11-10T18:00:40","slug":"deus-em-sandalias-365-devocionais-para-lideres-christopher-shaw","status":"publish","type":"product","link":"https:\/\/www.livrariarema.com.br\/loja\/produtos\/livros\/devocional\/deus-em-sandalias-365-devocionais-para-lideres-christopher-shaw\/","title":{"rendered":"Deus Em Sand\u00e1lias &#8211; 365 Devocionais Para L\u00edderes &#8211; Christopher Shaw"},"content":{"rendered":"<p>O Livro Deus em Sand\u00e1lias \u00e9 um devocional com mensagens para l\u00edderes nos 365 dias do ano.<br \/>\nNeste devocional voc\u00ea encontra mensagens que apresentam a forma como Jesus se relacionava com as pessoas, por isso \u00e9 uma \u00f3tima op\u00e7\u00e3o para l\u00edderes. Al\u00e9m disso, o Livro Deus em Sand\u00e1lias tamb\u00e9m cont\u00e9m perguntas para discuss\u00e3o.<br \/>\nN\u00e3o deixe de conferir mais este lan\u00e7amento incr\u00edvel da linha P\u00e3o Di\u00e1rio! Adquira j\u00e1 o seu Livro Deus em Sand\u00e1lias!<\/p>\n","protected":false},"excerpt":{"rendered":"<p>O Livro Deus em Sand\u00e1lias \u00e9 um devocional com mensagens para l\u00edderes nos 365 dias do ano. Neste devocional voc\u00ea&hellip;<\/p>\n","protected":false},"featured_media":338851,"comment_status":"open","ping_status":"closed","template":"","meta":[],"product_cat":[158,134],"product_tag":[],"_links":{"self":[{"href":"https:\/\/www.livrariarema.com.br\/loja\/wp-json\/wp\/v2\/product\/338852"}],"collection":[{"href":"https:\/\/www.livrariarema.com.br\/loja\/wp-json\/wp\/v2\/product"}],"about":[{"href":"https:\/\/www.livrariarema.com.br\/loja\/wp-json\/wp\/v2\/types\/product"}],"replies":[{"embeddable":true,"href":"https:\/\/www.livrariarema.com.br\/loja\/wp-json\/wp\/v2\/comments?post=338852"}],"wp:featuredmedia":[{"embeddable":true,"href":"https:\/\/www.livrariarema.com.br\/loja\/wp-json\/wp\/v2\/media\/338851"}],"wp:attachment":[{"href":"https:\/\/www.livrariarema.com.br\/loja\/wp-json\/wp\/v2\/media?parent=338852"}],"wp:term":[{"taxonomy":"product_cat","embeddable":true,"href":"https:\/\/www.livrariarema.com.br\/loja\/wp-json\/wp\/v2\/product_cat?post=338852"},{"taxonomy":"product_tag","embeddable":true,"href":"https:\/\/www.livrariarema.com.br\/loja\/wp-json\/wp\/v2\/product_tag?post=338852"}],"curies":[{"name":"wp","href":"https:\/\/api.w.org\/{rel}","templated":true}]}}