{"id":338864,"date":"2025-09-29T17:09:12","date_gmt":"2025-09-29T20:09:12","guid":{"rendered":"https:\/\/www.livrariarema.com.br\/loja\/produtos\/sem categoria\/pao-diario-para-maes-brochura\/"},"modified":"2026-03-17T11:30:39","modified_gmt":"2026-03-17T14:30:39","slug":"pao-diario-para-maes-brochura","status":"publish","type":"product","link":"https:\/\/www.livrariarema.com.br\/loja\/produtos\/livros\/devocional\/pao-diario-para-maes-brochura\/","title":{"rendered":"P\u00e3o Di\u00e1rio Para M\u00e3es &#8211; Brochura"},"content":{"rendered":"<p>O Senhor \u00e9 bom, a sua miseric\u00f3rdia dura para sempre e, de gera\u00e7\u00e3o em gera\u00e7\u00e3o. &#8211; Salmo 100:5<\/p>\n<p>Querida mam\u00e3e,<\/p>\n<p>Estas reflex\u00f5es do P\u00e3o Di\u00e1rio foram selecionadas especialmente para voc\u00ea. E o nosso anseio \u00e9 de que Deus transforme a sua vida, \u00e0 medida que voc\u00ea refletir e praticar as verdades b\u00edblicas apresentadas em cada uma delas.<\/p>\n<p>Separe um momento para estar a s\u00f3s com Deus e enfrente o seu dia a dia fortalecida pelo Senhor.<\/p>\n<p>Neste livro, voc\u00ea encontrar\u00e1: reflex\u00f5es cativantes e encorajadoras; pensamentos norteadores; textos b\u00edblicos inclu\u00eddos; espa\u00e7o para anotar as verdades b\u00edblicas da leitura; espa\u00e7o para registrar seus pedidos de ora\u00e7\u00e3o, preocupa\u00e7\u00f5es, desafios e sobre a a\u00e7\u00e3o de Deus em sua vida.<\/p>\n","protected":false},"excerpt":{"rendered":"<p>O Senhor \u00e9 bom, a sua miseric\u00f3rdia dura para sempre e, de gera\u00e7\u00e3o em gera\u00e7\u00e3o. &#8211; Salmo 100:5 Querida mam\u00e3e,&hellip;<\/p>\n","protected":false},"featured_media":338863,"comment_status":"open","ping_status":"closed","template":"","meta":[],"product_cat":[158,134],"product_tag":[],"_links":{"self":[{"href":"https:\/\/www.livrariarema.com.br\/loja\/wp-json\/wp\/v2\/product\/338864"}],"collection":[{"href":"https:\/\/www.livrariarema.com.br\/loja\/wp-json\/wp\/v2\/product"}],"about":[{"href":"https:\/\/www.livrariarema.com.br\/loja\/wp-json\/wp\/v2\/types\/product"}],"replies":[{"embeddable":true,"href":"https:\/\/www.livrariarema.com.br\/loja\/wp-json\/wp\/v2\/comments?post=338864"}],"wp:featuredmedia":[{"embeddable":true,"href":"https:\/\/www.livrariarema.com.br\/loja\/wp-json\/wp\/v2\/media\/338863"}],"wp:attachment":[{"href":"https:\/\/www.livrariarema.com.br\/loja\/wp-json\/wp\/v2\/media?parent=338864"}],"wp:term":[{"taxonomy":"product_cat","embeddable":true,"href":"https:\/\/www.livrariarema.com.br\/loja\/wp-json\/wp\/v2\/product_cat?post=338864"},{"taxonomy":"product_tag","embeddable":true,"href":"https:\/\/www.livrariarema.com.br\/loja\/wp-json\/wp\/v2\/product_tag?post=338864"}],"curies":[{"name":"wp","href":"https:\/\/api.w.org\/{rel}","templated":true}]}}