{"id":338879,"date":"2025-09-29T17:13:22","date_gmt":"2025-09-29T20:13:22","guid":{"rendered":"https:\/\/www.livrariarema.com.br\/loja\/produtos\/sem%20categoria\/j-r-r-tolkien-e-c-s-lewis-o-dom-da-amizade-colin-duriez\/"},"modified":"2026-03-04T12:39:14","modified_gmt":"2026-03-04T15:39:14","slug":"j-r-r-tolkien-e-c-s-lewis-o-dom-da-amizade-colin-duriez","status":"publish","type":"product","link":"https:\/\/www.livrariarema.com.br\/loja\/produtos\/livros\/biografia\/j-r-r-tolkien-e-c-s-lewis-o-dom-da-amizade-colin-duriez\/","title":{"rendered":"J. R. R. Tolkien E C. S. Lewis &#8211; O Dom Da Amizade &#8211; Colin Duriez"},"content":{"rendered":"<p>A VERDADE POR TR\u00c1S DA FANTASIA<\/p>\n<p>Venerados por leitores do mundo inteiro, os dois maiores escritores de fantasia do s\u00e9culo XX, J.R.R. Tolkien e C.S. Lewis, venderam juntos mais de 250 milh\u00f5es de exemplares de suas sagas O Senhor dos An\u00e9is e As cr\u00f4nicas de N\u00e1rnia. Por\u00e9m, poucas pessoas sabem que Tolkien e Lewis, muito diferentes tanto no temperamento quanto no estilo de escrita, tiveram, ao longo de quase 40 anos, uma rela\u00e7\u00e3o conturbada, marcada por afinidades, ressentimentos e influ\u00eancias m\u00fatuas. Sem o encorajamento de Lewis, Tolkien jamais teria escrito O Senhor dos An\u00e9is; por outro lado, toda a fic\u00e7\u00e3o de Lewis \u00e9 profundamente marcada pelas ideias de Tolkien. Em O dom da amizade, o professor e jornalista ingl\u00eas Colin Duriez conta a verdadeira hist\u00f3ria dessa rela\u00e7\u00e3o de amor e \u00f3dio.&#8221;<\/p>\n","protected":false},"excerpt":{"rendered":"<p>A VERDADE POR TR\u00c1S DA FANTASIA Venerados por leitores do mundo inteiro, os dois maiores escritores de fantasia do s\u00e9culo&hellip;<\/p>\n","protected":false},"featured_media":345845,"comment_status":"open","ping_status":"closed","template":"","meta":[],"product_cat":[181,134],"product_tag":[],"_links":{"self":[{"href":"https:\/\/www.livrariarema.com.br\/loja\/wp-json\/wp\/v2\/product\/338879"}],"collection":[{"href":"https:\/\/www.livrariarema.com.br\/loja\/wp-json\/wp\/v2\/product"}],"about":[{"href":"https:\/\/www.livrariarema.com.br\/loja\/wp-json\/wp\/v2\/types\/product"}],"replies":[{"embeddable":true,"href":"https:\/\/www.livrariarema.com.br\/loja\/wp-json\/wp\/v2\/comments?post=338879"}],"wp:featuredmedia":[{"embeddable":true,"href":"https:\/\/www.livrariarema.com.br\/loja\/wp-json\/wp\/v2\/media\/345845"}],"wp:attachment":[{"href":"https:\/\/www.livrariarema.com.br\/loja\/wp-json\/wp\/v2\/media?parent=338879"}],"wp:term":[{"taxonomy":"product_cat","embeddable":true,"href":"https:\/\/www.livrariarema.com.br\/loja\/wp-json\/wp\/v2\/product_cat?post=338879"},{"taxonomy":"product_tag","embeddable":true,"href":"https:\/\/www.livrariarema.com.br\/loja\/wp-json\/wp\/v2\/product_tag?post=338879"}],"curies":[{"name":"wp","href":"https:\/\/api.w.org\/{rel}","templated":true}]}}