{"id":338881,"date":"2025-09-29T17:13:34","date_gmt":"2025-09-29T20:13:34","guid":{"rendered":"https:\/\/www.livrariarema.com.br\/loja\/produtos\/sem categoria\/cartas-do-papai-noel-j-r-r-tolkien\/"},"modified":"2026-04-14T12:32:35","modified_gmt":"2026-04-14T15:32:35","slug":"cartas-do-papai-noel-j-r-r-tolkien","status":"publish","type":"product","link":"https:\/\/www.livrariarema.com.br\/loja\/produtos\/livros\/juvenil\/cartas-do-papai-noel-j-r-r-tolkien\/","title":{"rendered":"Cartas Do Papai Noel &#8211;  J. R. R. Tolkien"},"content":{"rendered":"<p>De 1920 a 1943, o aclamado autor de fantasia, J.R.R. Tolkien, assumiu a autoria de Papai Noel e escreveu, na \u00e9poca do Natal, cartas personalizadas aos seus filhos. Al\u00e9m de se dedicar ao conte\u00fado das cartas, o pai-autor se esmerava em fazer belos desenhos e uma letra especial para cada um dos principais personagens: Papai Noel, seu ajudante atrapalhado Urso Polar do Norte e, mais tarde, o elfo-secret\u00e1rio Ilbereth.<br \/>\nPara dar mais emo\u00e7\u00e3o \u00e0s suas hist\u00f3rias, o espont\u00e2neo Urso Polar e o respons\u00e1vel Papai Noel se relacionam com diversos personagens, dando um tom ainda mais din\u00e2mico nos relatos. Havia Paksu e Valkotukka, os sobrinhos do Urso Polar, o Homem de Neve e muitos outros, como as inusitadas Aura Bora Real (Aurora Boreal) ou a Ursa Maior, que, al\u00e9m de ser uma constela\u00e7\u00e3o, era prima do Urso Polar do Norte.<br \/>\nNesses mais de vinte anos de contato entre o Papai Noel de Tolkien e seus filhos, voc\u00ea acompanha as mudan\u00e7as hist\u00f3ricas vividas pela Inglaterra de seu tempo, como a greve geral e Segunda Guerra Mundial. Al\u00e9m disso, \u00e9 poss\u00edvel perceber o desenvolvimento do autor ao longo das d\u00e9cadas, pois Tolkien deixa derramar toques de suas descobertas narrativas, po\u00e9ticas, lingu\u00edsticas, caligr\u00e1ficas e ilustrativas em suas cartas ano a ano. Certamente \u00e9 um grande presente de Natal para f\u00e3s ou n\u00e3o de Tolkien, de todas as idades.<\/p>\n","protected":false},"excerpt":{"rendered":"<p>De 1920 a 1943, o aclamado autor de fantasia, J.R.R. Tolkien, assumiu a autoria de Papai Noel e escreveu, na&hellip;<\/p>\n","protected":false},"featured_media":347001,"comment_status":"open","ping_status":"closed","template":"","meta":[],"product_cat":[184,134],"product_tag":[],"_links":{"self":[{"href":"https:\/\/www.livrariarema.com.br\/loja\/wp-json\/wp\/v2\/product\/338881"}],"collection":[{"href":"https:\/\/www.livrariarema.com.br\/loja\/wp-json\/wp\/v2\/product"}],"about":[{"href":"https:\/\/www.livrariarema.com.br\/loja\/wp-json\/wp\/v2\/types\/product"}],"replies":[{"embeddable":true,"href":"https:\/\/www.livrariarema.com.br\/loja\/wp-json\/wp\/v2\/comments?post=338881"}],"wp:featuredmedia":[{"embeddable":true,"href":"https:\/\/www.livrariarema.com.br\/loja\/wp-json\/wp\/v2\/media\/347001"}],"wp:attachment":[{"href":"https:\/\/www.livrariarema.com.br\/loja\/wp-json\/wp\/v2\/media?parent=338881"}],"wp:term":[{"taxonomy":"product_cat","embeddable":true,"href":"https:\/\/www.livrariarema.com.br\/loja\/wp-json\/wp\/v2\/product_cat?post=338881"},{"taxonomy":"product_tag","embeddable":true,"href":"https:\/\/www.livrariarema.com.br\/loja\/wp-json\/wp\/v2\/product_tag?post=338881"}],"curies":[{"name":"wp","href":"https:\/\/api.w.org\/{rel}","templated":true}]}}