{"id":338931,"date":"2025-09-30T10:39:36","date_gmt":"2025-09-30T13:39:36","guid":{"rendered":"https:\/\/www.livrariarema.com.br\/loja\/produtos\/sem categoria\/colecao-vida-em-familia-resgate-o-seu-filho-das-telas-cassiana-modolo-tardivo\/"},"modified":"2026-03-07T14:06:46","modified_gmt":"2026-03-07T17:06:46","slug":"colecao-vida-em-familia-resgate-o-seu-filho-das-telas-cassiana-modolo-tardivo","status":"publish","type":"product","link":"https:\/\/www.livrariarema.com.br\/loja\/produtos\/livros\/familia\/colecao-vida-em-familia-resgate-o-seu-filho-das-telas-cassiana-modolo-tardivo\/","title":{"rendered":"Cole\u00e7\u00e3o Vida Em Fam\u00edlia &#8211; Resgate O Seu Filho Das Telas &#8211; Cassiana Modolo Tardivo"},"content":{"rendered":"<p>Redes sociais, jogos, filmes, s\u00e9ries e desenhos animados. Todos querem moldar os valores da nova gera\u00e7\u00e3o. E voc\u00ea? Est\u00e1 preparado para ensinar seus filhos a interagirem de forma saud\u00e1vel com o mundo das telas?<\/p>\n<p>Este livro \u00e9 uma b\u00fassola. Cassiana Tardivo usa a ci\u00eancia e a B\u00edblia para mostrar como a tecnologia afeta o desenvolvimento de crian\u00e7as e adolescentes. Ela ensina que os pais, em vez de apenas impor limites, devem estar presentes de forma intencional, trazendo os filhos para perto de si e de Deus.<\/p>\n<p>Com ensinamentos s\u00e1bios, um plano de a\u00e7\u00e3o estrat\u00e9gico e atividades pr\u00e1ticas, voc\u00ea conseguir\u00e1 encontrar, cada vez mais, o equil\u00edbrio entre telas, fam\u00edlia e Deus, al\u00e9m de deixar para seus filhos um legado de f\u00e9.<\/p>\n","protected":false},"excerpt":{"rendered":"<p>Redes sociais, jogos, filmes, s\u00e9ries e desenhos animados. Todos querem moldar os valores da nova gera\u00e7\u00e3o. E voc\u00ea? Est\u00e1 preparado&hellip;<\/p>\n","protected":false},"featured_media":345931,"comment_status":"open","ping_status":"closed","template":"","meta":[],"product_cat":[178,134],"product_tag":[],"_links":{"self":[{"href":"https:\/\/www.livrariarema.com.br\/loja\/wp-json\/wp\/v2\/product\/338931"}],"collection":[{"href":"https:\/\/www.livrariarema.com.br\/loja\/wp-json\/wp\/v2\/product"}],"about":[{"href":"https:\/\/www.livrariarema.com.br\/loja\/wp-json\/wp\/v2\/types\/product"}],"replies":[{"embeddable":true,"href":"https:\/\/www.livrariarema.com.br\/loja\/wp-json\/wp\/v2\/comments?post=338931"}],"wp:featuredmedia":[{"embeddable":true,"href":"https:\/\/www.livrariarema.com.br\/loja\/wp-json\/wp\/v2\/media\/345931"}],"wp:attachment":[{"href":"https:\/\/www.livrariarema.com.br\/loja\/wp-json\/wp\/v2\/media?parent=338931"}],"wp:term":[{"taxonomy":"product_cat","embeddable":true,"href":"https:\/\/www.livrariarema.com.br\/loja\/wp-json\/wp\/v2\/product_cat?post=338931"},{"taxonomy":"product_tag","embeddable":true,"href":"https:\/\/www.livrariarema.com.br\/loja\/wp-json\/wp\/v2\/product_tag?post=338931"}],"curies":[{"name":"wp","href":"https:\/\/api.w.org\/{rel}","templated":true}]}}