{"id":338937,"date":"2025-09-30T10:40:12","date_gmt":"2025-09-30T13:40:12","guid":{"rendered":"https:\/\/www.livrariarema.com.br\/loja\/produtos\/sem categoria\/priorize-deus-2026-mocha-michel-simplicio\/"},"modified":"2026-03-11T17:00:40","modified_gmt":"2026-03-11T20:00:40","slug":"priorize-deus-2026-mocha-michel-simplicio","status":"publish","type":"product","link":"https:\/\/www.livrariarema.com.br\/loja\/produtos\/livros\/devocional\/priorize-deus-2026-mocha-michel-simplicio\/","title":{"rendered":"Priorize Deus &#8211; 2026 &#8211; Mocha &#8211; Michel Simpl\u00edcio"},"content":{"rendered":"<p>Priorize Deus mocha, edi\u00e7\u00e3o limitada \u00e9 uma ferramenta poderosa, que o auxiliar\u00e1 no seu relacionamento di\u00e1rio com o Senhor. A obra foi elaborada para ajudar voc\u00ea a conhecer os planos e a vontade de Deus para a sua vida, em p\u00edlulas di\u00e1rias de reflex\u00e3o e ora\u00e7\u00e3o. S\u00e3o 365 reflex\u00f5es b\u00edblicas profundamente transformadoras, que causar\u00e3o enorme impacto na sua rotina di\u00e1ria e no seu entendimento da f\u00e9. Este devocional, que \u00e9 o mais completo do Brasil, conta com recursos como perguntas&#8211;chave, plano anual de leitura da Palavra de Deus e ministra\u00e7\u00f5es em \u00e1udio com acesso por QR Code, al\u00e9m de se\u00e7\u00f5es adicionais. Tudo pensado com muita responsabilidade e dedica\u00e7\u00e3o para tornar a sua experi\u00eancia di\u00e1ria com Deus ainda mais poderosa.<\/p>\n","protected":false},"excerpt":{"rendered":"<p>Priorize Deus mocha, edi\u00e7\u00e3o limitada \u00e9 uma ferramenta poderosa, que o auxiliar\u00e1 no seu relacionamento di\u00e1rio com o Senhor. A&hellip;<\/p>\n","protected":false},"featured_media":343635,"comment_status":"open","ping_status":"closed","template":"","meta":[],"product_cat":[158,134],"product_tag":[],"_links":{"self":[{"href":"https:\/\/www.livrariarema.com.br\/loja\/wp-json\/wp\/v2\/product\/338937"}],"collection":[{"href":"https:\/\/www.livrariarema.com.br\/loja\/wp-json\/wp\/v2\/product"}],"about":[{"href":"https:\/\/www.livrariarema.com.br\/loja\/wp-json\/wp\/v2\/types\/product"}],"replies":[{"embeddable":true,"href":"https:\/\/www.livrariarema.com.br\/loja\/wp-json\/wp\/v2\/comments?post=338937"}],"wp:featuredmedia":[{"embeddable":true,"href":"https:\/\/www.livrariarema.com.br\/loja\/wp-json\/wp\/v2\/media\/343635"}],"wp:attachment":[{"href":"https:\/\/www.livrariarema.com.br\/loja\/wp-json\/wp\/v2\/media?parent=338937"}],"wp:term":[{"taxonomy":"product_cat","embeddable":true,"href":"https:\/\/www.livrariarema.com.br\/loja\/wp-json\/wp\/v2\/product_cat?post=338937"},{"taxonomy":"product_tag","embeddable":true,"href":"https:\/\/www.livrariarema.com.br\/loja\/wp-json\/wp\/v2\/product_tag?post=338937"}],"curies":[{"name":"wp","href":"https:\/\/api.w.org\/{rel}","templated":true}]}}