{"id":338939,"date":"2025-09-30T10:40:33","date_gmt":"2025-09-30T13:40:33","guid":{"rendered":"https:\/\/www.livrariarema.com.br\/loja\/produtos\/sem categoria\/devocional-manha-com-deus-2026-josue-valandro-jr\/"},"modified":"2026-01-19T17:40:34","modified_gmt":"2026-01-19T20:40:34","slug":"devocional-manha-com-deus-2026-josue-valandro-jr","status":"publish","type":"product","link":"https:\/\/www.livrariarema.com.br\/loja\/produtos\/livros\/devocional\/devocional-manha-com-deus-2026-josue-valandro-jr\/","title":{"rendered":"Devocional Manh\u00e3 Com Deus &#8211; 2026 &#8211; Josu\u00e9 Valandro Jr."},"content":{"rendered":"<p>Antes que o mundo desperte, h\u00e1 um momento sagrado esperando por voc\u00ea: o sil\u00eancio da manh\u00e3. Antes do amanhecer e de falar com qualquer pessoa, fale com Deus.<\/p>\n<p>\u00c9 nessa hora, quando o cora\u00e7\u00e3o ainda n\u00e3o foi arrebatado pela ansiedade e correria dos afazeres di\u00e1rios, que podemos fazer como Jesus: iniciar nossa rotina lendo a Palavra, orando e recebendo do Pai for\u00e7as, sabedoria e dire\u00e7\u00e3o.<\/p>\n<p>Quando colocamos o Reino de Deus em primeiro lugar, agradamos Seu cora\u00e7\u00e3o, e Ele promete que todas as outras coisas nos ser\u00e3o acrescentadas. Ofere\u00e7a a Deus as prim\u00edcias do seu dia, para que todas as suas palavras, a\u00e7\u00f5es e decis\u00f5es tenham a b\u00ean\u00e7\u00e3o da companhia do Senhor.<\/p>\n","protected":false},"excerpt":{"rendered":"<p>Antes que o mundo desperte, h\u00e1 um momento sagrado esperando por voc\u00ea: o sil\u00eancio da manh\u00e3. Antes do amanhecer e&hellip;<\/p>\n","protected":false},"featured_media":339181,"comment_status":"open","ping_status":"closed","template":"","meta":[],"product_cat":[158,134],"product_tag":[],"_links":{"self":[{"href":"https:\/\/www.livrariarema.com.br\/loja\/wp-json\/wp\/v2\/product\/338939"}],"collection":[{"href":"https:\/\/www.livrariarema.com.br\/loja\/wp-json\/wp\/v2\/product"}],"about":[{"href":"https:\/\/www.livrariarema.com.br\/loja\/wp-json\/wp\/v2\/types\/product"}],"replies":[{"embeddable":true,"href":"https:\/\/www.livrariarema.com.br\/loja\/wp-json\/wp\/v2\/comments?post=338939"}],"wp:featuredmedia":[{"embeddable":true,"href":"https:\/\/www.livrariarema.com.br\/loja\/wp-json\/wp\/v2\/media\/339181"}],"wp:attachment":[{"href":"https:\/\/www.livrariarema.com.br\/loja\/wp-json\/wp\/v2\/media?parent=338939"}],"wp:term":[{"taxonomy":"product_cat","embeddable":true,"href":"https:\/\/www.livrariarema.com.br\/loja\/wp-json\/wp\/v2\/product_cat?post=338939"},{"taxonomy":"product_tag","embeddable":true,"href":"https:\/\/www.livrariarema.com.br\/loja\/wp-json\/wp\/v2\/product_tag?post=338939"}],"curies":[{"name":"wp","href":"https:\/\/api.w.org\/{rel}","templated":true}]}}