{"id":338945,"date":"2025-09-30T10:42:14","date_gmt":"2025-09-30T13:42:14","guid":{"rendered":"https:\/\/www.livrariarema.com.br\/loja\/produtos\/sem categoria\/devocional-mulheres-2026-viviane-martinello\/"},"modified":"2026-04-11T11:30:36","modified_gmt":"2026-04-11T14:30:36","slug":"devocional-mulheres-2026-viviane-martinello","status":"publish","type":"product","link":"https:\/\/www.livrariarema.com.br\/loja\/produtos\/livros\/devocional\/devocional-mulheres-2026-viviane-martinello\/","title":{"rendered":"Devocional Mulheres 2026 &#8211; Viviane Martinello"},"content":{"rendered":"<p>Neste Devocional Anual, Viviane Martinello traz reflex\u00f5es profundas a respeito de diversos temas relacionados \u00e0 vida da mulher crist\u00e3. Relacionamentos, perd\u00e3o, servi\u00e7o, chamado, fam\u00edlia e casamento s\u00e3o alguns dos assuntos abordados na obra. \u00c0 luz da Palavra de Deus, a pastora da Abba Pai Church compartilha testemunhos pessoais, conselhos e ensinamentos que adquiriu ao longo do seu minist\u00e9rio e da sua vida de devo\u00e7\u00e3o ao Pai.<\/p>\n<p>Nestas p\u00e1ginas, voc\u00ea ser\u00e1 levada a uma jornada de crescimento espiritual, atrav\u00e9s de palavras inspiradoras e medita\u00e7\u00f5es di\u00e1rias, que servir\u00e3o de aux\u00edlio para o aprofundamento do seu relacionamento com o Senhor. Mulheres de todas as idades poder\u00e3o se identificar com as hist\u00f3rias e aprendizados valiosos contidos nestas p\u00e1ginas, e encontrar\u00e3o uma fonte de inspira\u00e7\u00e3o e encorajamento, a fim de se tornarem, a cada dia, mais parecidas com Cristo e cumprirem com o prop\u00f3sito para o qual foram chamadas.<\/p>\n","protected":false},"excerpt":{"rendered":"<p>Neste Devocional Anual, Viviane Martinello traz reflex\u00f5es profundas a respeito de diversos temas relacionados \u00e0 vida da mulher crist\u00e3. Relacionamentos,&hellip;<\/p>\n","protected":false},"featured_media":343614,"comment_status":"open","ping_status":"closed","template":"","meta":[],"product_cat":[158,134],"product_tag":[],"_links":{"self":[{"href":"https:\/\/www.livrariarema.com.br\/loja\/wp-json\/wp\/v2\/product\/338945"}],"collection":[{"href":"https:\/\/www.livrariarema.com.br\/loja\/wp-json\/wp\/v2\/product"}],"about":[{"href":"https:\/\/www.livrariarema.com.br\/loja\/wp-json\/wp\/v2\/types\/product"}],"replies":[{"embeddable":true,"href":"https:\/\/www.livrariarema.com.br\/loja\/wp-json\/wp\/v2\/comments?post=338945"}],"wp:featuredmedia":[{"embeddable":true,"href":"https:\/\/www.livrariarema.com.br\/loja\/wp-json\/wp\/v2\/media\/343614"}],"wp:attachment":[{"href":"https:\/\/www.livrariarema.com.br\/loja\/wp-json\/wp\/v2\/media?parent=338945"}],"wp:term":[{"taxonomy":"product_cat","embeddable":true,"href":"https:\/\/www.livrariarema.com.br\/loja\/wp-json\/wp\/v2\/product_cat?post=338945"},{"taxonomy":"product_tag","embeddable":true,"href":"https:\/\/www.livrariarema.com.br\/loja\/wp-json\/wp\/v2\/product_tag?post=338945"}],"curies":[{"name":"wp","href":"https:\/\/api.w.org\/{rel}","templated":true}]}}