{"id":338981,"date":"2025-09-30T12:23:23","date_gmt":"2025-09-30T15:23:23","guid":{"rendered":"https:\/\/www.livrariarema.com.br\/loja\/produtos\/sem categoria\/biblia-de-estudo-introdutoria-nvi-brochura\/"},"modified":"2026-04-30T11:23:34","modified_gmt":"2026-04-30T14:23:34","slug":"biblia-de-estudo-introdutoria-nvi-brochura","status":"publish","type":"product","link":"https:\/\/www.livrariarema.com.br\/loja\/produtos\/biblias\/estudo\/biblia-de-estudo-introdutoria-nvi-brochura\/","title":{"rendered":"B\u00edblia De Estudo Introdut\u00f3ria &#8211; Nvi &#8211; Brochura"},"content":{"rendered":"<p>A B\u00cdBLIA DE ESTUDO INTRODUT\u00d3RIA \u00e9 a melhor ferramenta a oferecer as bases de um estudo b\u00edblico aprofundado, e isso de modo simples e pr\u00e1tico. Ela oferece recursos que auxiliam tanto estudantes mais novos da Palavra de Deus quanto os mais experientes. Voc\u00ea poder\u00e1 rever os fundamentos da f\u00e9 com rapidez e utiliz\u00e1-la na prepara\u00e7\u00e3o de estudos, aulas e prega\u00e7\u00f5es. Esta maravilhosa B\u00edblia \u00e9 a mais indicada a todos os que desejam um estudo conciso, compacto e proveitoso. Destacam-se os seguintes recursos e caracter\u00edsticas:<\/p>\n<p>&#8211; O texto mais recente da Nova Vers\u00e3o Internacional (NVI), a tradu\u00e7\u00e3o b\u00edblica que j\u00e1 ganhou o p\u00fablico de fala portuguesa por ser de f\u00e1cil compreens\u00e3o e fiel ao texto original. Resultado do empenho de uma comiss\u00e3o de estudiosos por muitos anos dedicada a produzir um texto fidedigno e embasado nos originais, a vers\u00e3o atual contou tamb\u00e9m com uma equipe de te\u00f3logos de alta qualidade, buscando garantir que o texto continuasse acess\u00edvel, relevante e revestido de autoridade.<br \/>\n&#8211; Coment\u00e1rios sucintos, confi\u00e1veis, testados pelo tempo e focados na aplica\u00e7\u00e3o das mais prestigiadas passagens de cada p\u00e1gina.<br \/>\n&#8211; Coment\u00e1rios teol\u00f3gicos com os mais importantes temas doutrin\u00e1rios da B\u00edblia, contando com um \u00edndice dos temas em ordem alfab\u00e9tica e na ordem das ocorr\u00eancias b\u00edblicas.<br \/>\n&#8211; Introdu\u00e7\u00f5es que oferecem um panorama geral de cada um dos 66 livros da B\u00edblia.<br \/>\n&#8211; Refer\u00eancias cruzadas que remetem o leitor diretamente a outras passagens relacionadas para um estudo mais aprofundado de termos e conceitos.<br \/>\n&#8211; Uma concord\u00e2ncia re\u00fane os termos mais importantes e as principais passagens em que eles figuram.<br \/>\n&#8211; O texto composto na fonte Leitura Perfeita, uma tipologia exclusiva da Thomas Nelson que promove conforto na leitura.<br \/>\n&#8211; Miolo costurado, garantindo abertura total em qualquer p\u00e1gina da B\u00edblia e maior durabilidade.<\/p>\n","protected":false},"excerpt":{"rendered":"<p>A B\u00cdBLIA DE ESTUDO INTRODUT\u00d3RIA \u00e9 a melhor ferramenta a oferecer as bases de um estudo b\u00edblico aprofundado, e isso&hellip;<\/p>\n","protected":false},"featured_media":347740,"comment_status":"open","ping_status":"closed","template":"","meta":[],"product_cat":[139,140],"product_tag":[],"_links":{"self":[{"href":"https:\/\/www.livrariarema.com.br\/loja\/wp-json\/wp\/v2\/product\/338981"}],"collection":[{"href":"https:\/\/www.livrariarema.com.br\/loja\/wp-json\/wp\/v2\/product"}],"about":[{"href":"https:\/\/www.livrariarema.com.br\/loja\/wp-json\/wp\/v2\/types\/product"}],"replies":[{"embeddable":true,"href":"https:\/\/www.livrariarema.com.br\/loja\/wp-json\/wp\/v2\/comments?post=338981"}],"wp:featuredmedia":[{"embeddable":true,"href":"https:\/\/www.livrariarema.com.br\/loja\/wp-json\/wp\/v2\/media\/347740"}],"wp:attachment":[{"href":"https:\/\/www.livrariarema.com.br\/loja\/wp-json\/wp\/v2\/media?parent=338981"}],"wp:term":[{"taxonomy":"product_cat","embeddable":true,"href":"https:\/\/www.livrariarema.com.br\/loja\/wp-json\/wp\/v2\/product_cat?post=338981"},{"taxonomy":"product_tag","embeddable":true,"href":"https:\/\/www.livrariarema.com.br\/loja\/wp-json\/wp\/v2\/product_tag?post=338981"}],"curies":[{"name":"wp","href":"https:\/\/api.w.org\/{rel}","templated":true}]}}