{"id":338985,"date":"2025-09-30T12:24:22","date_gmt":"2025-09-30T15:24:22","guid":{"rendered":"https:\/\/www.livrariarema.com.br\/loja\/produtos\/sem categoria\/mundo-sem-fim-escatologias-pentecostais-em-perspectiva-peter-althouse-robby-waddell\/"},"modified":"2026-03-04T11:25:00","modified_gmt":"2026-03-04T14:25:00","slug":"mundo-sem-fim-escatologias-pentecostais-em-perspectiva-peter-althouse-robby-waddell","status":"publish","type":"product","link":"https:\/\/www.livrariarema.com.br\/loja\/produtos\/livros\/escatologia\/mundo-sem-fim-escatologias-pentecostais-em-perspectiva-peter-althouse-robby-waddell\/","title":{"rendered":"Mundo Sem Fim &#8211; Escatologias Pentecostais Em Perspectiva &#8211; Peter Althouse, Robby Waddell"},"content":{"rendered":"<p>Uma nova vis\u00e3o do futuro a partir do Pentecostalismo<\/p>\n<p>Durante o s\u00e9culo 20, a teologia pentecostal foi moldada e limitada por leituras fundamentalistas, especialmente por uma escatologia milenar dispensacionalista. Essa abordagem n\u00e3o apenas distorceu a perspectiva original dos pentecostais acerca do derramamento do Esp\u00edrito nos \u00faltimos dias, como tamb\u00e9m enfraqueceu seu prop\u00f3sito maior: ser um povo empoderado pelo Esp\u00edrito para participar da miss\u00e3o do reino de Deus.<br \/>\nContudo, a escatologia \u00e9 muito mais ampla que o dispensacionalismo do s\u00e9culo passado, e at\u00e9 mesmo a escatologia pentecostal \u00e9 diversa. De fato: n\u00e3o h\u00e1 uma \u00fanica escatologia pentecostal, mas v\u00e1rias.<br \/>\nEste livro re\u00fane artigos de importantes estudiosos e novas vozes da teologia pentecostal e carism\u00e1tica, propondo um resgate corajoso e criativo da esperan\u00e7a crist\u00e3. Em vez de uma \u00fanica resposta, o leitor encontrar\u00e1 aqui m\u00faltiplas perspectivas, refletindo a riqueza e a diversidade das espiritualidades pentecostais ao redor do mundo.<br \/>\nIdeal para pastores, seminaristas, acad\u00eamicos e todos os estudantes de teologia.<\/p>\n","protected":false},"excerpt":{"rendered":"<p>Uma nova vis\u00e3o do futuro a partir do Pentecostalismo Durante o s\u00e9culo 20, a teologia pentecostal foi moldada e limitada&hellip;<\/p>\n","protected":false},"featured_media":345732,"comment_status":"open","ping_status":"closed","template":"","meta":[],"product_cat":[208,134],"product_tag":[],"_links":{"self":[{"href":"https:\/\/www.livrariarema.com.br\/loja\/wp-json\/wp\/v2\/product\/338985"}],"collection":[{"href":"https:\/\/www.livrariarema.com.br\/loja\/wp-json\/wp\/v2\/product"}],"about":[{"href":"https:\/\/www.livrariarema.com.br\/loja\/wp-json\/wp\/v2\/types\/product"}],"replies":[{"embeddable":true,"href":"https:\/\/www.livrariarema.com.br\/loja\/wp-json\/wp\/v2\/comments?post=338985"}],"wp:featuredmedia":[{"embeddable":true,"href":"https:\/\/www.livrariarema.com.br\/loja\/wp-json\/wp\/v2\/media\/345732"}],"wp:attachment":[{"href":"https:\/\/www.livrariarema.com.br\/loja\/wp-json\/wp\/v2\/media?parent=338985"}],"wp:term":[{"taxonomy":"product_cat","embeddable":true,"href":"https:\/\/www.livrariarema.com.br\/loja\/wp-json\/wp\/v2\/product_cat?post=338985"},{"taxonomy":"product_tag","embeddable":true,"href":"https:\/\/www.livrariarema.com.br\/loja\/wp-json\/wp\/v2\/product_tag?post=338985"}],"curies":[{"name":"wp","href":"https:\/\/api.w.org\/{rel}","templated":true}]}}