{"id":338987,"date":"2025-09-30T12:24:47","date_gmt":"2025-09-30T15:24:47","guid":{"rendered":"https:\/\/www.livrariarema.com.br\/loja\/produtos\/sem categoria\/biblia-lectio-nvi-tecido-sobre-capa-dura\/"},"modified":"2025-12-17T11:29:16","modified_gmt":"2025-12-17T14:29:16","slug":"biblia-lectio-nvi-tecido-sobre-capa-dura","status":"publish","type":"product","link":"https:\/\/www.livrariarema.com.br\/loja\/produtos\/biblias\/estudo\/biblia-lectio-nvi-tecido-sobre-capa-dura\/","title":{"rendered":"B\u00edblia Lectio &#8211; Nvi &#8211; Tecido Sobre Capa Dura"},"content":{"rendered":"<p>A B\u00edblia Lectio traz uma proposta in\u00e9dita e livre de distra\u00e7\u00f5es para quem deseja ler a Palavra de Deus exatamente como seus primeiros leitores: como uma narrativa sem interrup\u00e7\u00f5es.<\/p>\n<p>Por isso, sua estrutura \u00e9 diferente de outras b\u00edblias, n\u00fameros de cap\u00edtulo e de vers\u00edculo, bem como t\u00edtulos de se\u00e7\u00e3o &#8211; acr\u00e9scimos posteriores ao texto b\u00edblico, foram retirados para garantir uma leitura do texto mais semelhante a dos antigos leitores do original hebraico, aramaico e grego. Com bel\u00edssimo design e texto b\u00edblico em uma s\u00f3 coluna, a Lectio permite que aqueles que andam no Caminho de Jesus fa\u00e7am um mergulho em uma leitura fluida e din\u00e2mica com a B\u00edblia: ao ler grandes por\u00e7\u00f5es da B\u00edblia de uma vez.<\/p>\n<p>A B\u00edblia Lectio tamb\u00e9m foi projetada para dar \u00eanfase \u00e0 ora\u00e7\u00e3o e \u00e0 contempla\u00e7\u00e3o. Com importante contribui\u00e7\u00e3o de nosso autor John Mark Comer, seu formato e organiza\u00e7\u00e3o textual foram pensados para que o leitor mantenha a seguinte pergunta em mente: Como Deus se achega a mim pessoalmente por meio desse texto?<\/p>\n<p>Ela traz o texto na Nova Vers\u00e3o Internacional e uma introdu\u00e7\u00e3o por John Mark Comer, idealizador do Projeto Praticando o Caminho, que tamb\u00e9m se transformou em livro e j\u00e1 faz parte do cat\u00e1logo Thomas Nelson Brasil.<\/p>\n<p>\u00c9 um modo simples e milenar de ler a biblioteca das Escrituras.<\/p>\n","protected":false},"excerpt":{"rendered":"<p>A B\u00edblia Lectio traz uma proposta in\u00e9dita e livre de distra\u00e7\u00f5es para quem deseja ler a Palavra de Deus exatamente&hellip;<\/p>\n","protected":false},"featured_media":338986,"comment_status":"open","ping_status":"closed","template":"","meta":[],"product_cat":[139,140],"product_tag":[],"_links":{"self":[{"href":"https:\/\/www.livrariarema.com.br\/loja\/wp-json\/wp\/v2\/product\/338987"}],"collection":[{"href":"https:\/\/www.livrariarema.com.br\/loja\/wp-json\/wp\/v2\/product"}],"about":[{"href":"https:\/\/www.livrariarema.com.br\/loja\/wp-json\/wp\/v2\/types\/product"}],"replies":[{"embeddable":true,"href":"https:\/\/www.livrariarema.com.br\/loja\/wp-json\/wp\/v2\/comments?post=338987"}],"wp:featuredmedia":[{"embeddable":true,"href":"https:\/\/www.livrariarema.com.br\/loja\/wp-json\/wp\/v2\/media\/338986"}],"wp:attachment":[{"href":"https:\/\/www.livrariarema.com.br\/loja\/wp-json\/wp\/v2\/media?parent=338987"}],"wp:term":[{"taxonomy":"product_cat","embeddable":true,"href":"https:\/\/www.livrariarema.com.br\/loja\/wp-json\/wp\/v2\/product_cat?post=338987"},{"taxonomy":"product_tag","embeddable":true,"href":"https:\/\/www.livrariarema.com.br\/loja\/wp-json\/wp\/v2\/product_tag?post=338987"}],"curies":[{"name":"wp","href":"https:\/\/api.w.org\/{rel}","templated":true}]}}