{"id":338989,"date":"2025-09-30T12:25:17","date_gmt":"2025-09-30T15:25:17","guid":{"rendered":"https:\/\/www.livrariarema.com.br\/loja\/produtos\/sem categoria\/o-significado-do-namoro-jean-francesco\/"},"modified":"2026-03-14T10:20:37","modified_gmt":"2026-03-14T13:20:37","slug":"o-significado-do-namoro-jean-francesco","status":"publish","type":"product","link":"https:\/\/www.livrariarema.com.br\/loja\/produtos\/livros\/namoro-sexualidade\/o-significado-do-namoro-jean-francesco\/","title":{"rendered":"O Significado Do Namoro &#8211; Jean Francesco"},"content":{"rendered":"<p>Boa parte dos adolescentes e jovens querem estar com algu\u00e9m. Trocar afeto e carinho, ter uma companhia fiel para os momentos f\u00e1ceis e dif\u00edceis, ter algu\u00e9m que receba e retribua as infind\u00e1veis declara\u00e7\u00f5es de amor&#8230; Mas o namoro \u00e9 s\u00f3 isso? Intimidade baseada em sentimentos? E quando a paix\u00e3o acaba? Pr\u00f3xima pessoa, pr\u00f3xima ficada e s\u00f3?<br \/>\nNeste livro, Jean Francesco nos apresenta o verdadeiro significado do namoro: uma prepara\u00e7\u00e3o para o casamento. O autor fala sobre os pr\u00e9-requisitos necess\u00e1rios para entrar em um relacionamento, quais as formas de se planejar para o futuro, como compreender os sentimentos e respeitar os do pr\u00f3ximo, quais os limites para a intimidade e os cuidados para se manter em santidade, entre muitos outros t\u00f3picos interessantes para ajudar quem tem d\u00favidas sobre esse tema que, muitas vezes, \u00e9 t\u00e3o pouco falado de maneira certa e s\u00e9ria.<br \/>\nNamoro n\u00e3o \u00e9 para ser um momento de curti\u00e7\u00e3o e estar com algu\u00e9m por estar, mas \u00e9 a hora de se preparar para um futuro com prop\u00f3sito.<br \/>\nSe voc\u00ea est\u00e1 pronto para ver o amor de uma forma mais profunda e verdadeira, este livro vai te desafiar a viver um relacionamento que respeite voc\u00ea e a outra pessoa.<\/p>\n","protected":false},"excerpt":{"rendered":"<p>Boa parte dos adolescentes e jovens querem estar com algu\u00e9m. Trocar afeto e carinho, ter uma companhia fiel para os&hellip;<\/p>\n","protected":false},"featured_media":338988,"comment_status":"open","ping_status":"closed","template":"","meta":[],"product_cat":[134,203],"product_tag":[],"_links":{"self":[{"href":"https:\/\/www.livrariarema.com.br\/loja\/wp-json\/wp\/v2\/product\/338989"}],"collection":[{"href":"https:\/\/www.livrariarema.com.br\/loja\/wp-json\/wp\/v2\/product"}],"about":[{"href":"https:\/\/www.livrariarema.com.br\/loja\/wp-json\/wp\/v2\/types\/product"}],"replies":[{"embeddable":true,"href":"https:\/\/www.livrariarema.com.br\/loja\/wp-json\/wp\/v2\/comments?post=338989"}],"wp:featuredmedia":[{"embeddable":true,"href":"https:\/\/www.livrariarema.com.br\/loja\/wp-json\/wp\/v2\/media\/338988"}],"wp:attachment":[{"href":"https:\/\/www.livrariarema.com.br\/loja\/wp-json\/wp\/v2\/media?parent=338989"}],"wp:term":[{"taxonomy":"product_cat","embeddable":true,"href":"https:\/\/www.livrariarema.com.br\/loja\/wp-json\/wp\/v2\/product_cat?post=338989"},{"taxonomy":"product_tag","embeddable":true,"href":"https:\/\/www.livrariarema.com.br\/loja\/wp-json\/wp\/v2\/product_tag?post=338989"}],"curies":[{"name":"wp","href":"https:\/\/api.w.org\/{rel}","templated":true}]}}