{"id":338991,"date":"2025-09-30T12:25:44","date_gmt":"2025-09-30T15:25:44","guid":{"rendered":"https:\/\/www.livrariarema.com.br\/loja\/produtos\/sem%20categoria\/sra-lewis-a-improvavel-historia-de-amor-entre-joy-davidman-e-c-s-lewis-patti-callahan-henry\/"},"modified":"2026-04-27T09:10:23","modified_gmt":"2026-04-27T12:10:23","slug":"sra-lewis-a-improvavel-historia-de-amor-entre-joy-davidman-e-c-s-lewis-patti-callahan-henry","status":"publish","type":"product","link":"https:\/\/www.livrariarema.com.br\/loja\/produtos\/livros\/ficcao\/sra-lewis-a-improvavel-historia-de-amor-entre-joy-davidman-e-c-s-lewis-patti-callahan-henry\/","title":{"rendered":"Sra. Lewis &#8211; A Improv\u00e1vel Hist\u00f3ria De Amor Entre Joy Davidman E C.S. Lewis &#8211;  Patti Callahan Henry"},"content":{"rendered":"<p>Em uma amizade improv\u00e1vel, ela encontrou o amor. Em um mundo que silenciava as mulheres, ela encontrou sua voz.<\/p>\n<p>Joy Davidman tinha tudo para ser invis\u00edvel: uma mulher na d\u00e9cada de 1950, m\u00e3e de dois filhos pequenos, presa a um casamento inst\u00e1vel e afastada do cen\u00e1rio liter\u00e1rio que um dia conheceu. Mas uma carta &#8211; uma \u00fanica carta endere\u00e7ada a um autor brit\u00e2nico que escrevia sobre f\u00e9 com clareza intelectual e rara honestidade &#8211; mudaria n\u00e3o apenas sua vida, mas tamb\u00e9m a do homem que a receberia: C.S. Lewis, o criador de N\u00e1rnia.<\/p>\n<p>Ao longo de meses &#8211; e depois anos &#8211; de correspond\u00eancia, Joy e Lewis compartilham d\u00favidas teol\u00f3gicas, reflex\u00f5es sobre o sofrimento, trocas liter\u00e1rias e, pouco a pouco, confid\u00eancias \u00edntimas. Em uma jornada que a conduz da rotina esmagadora nos Estados Unidos \u00e0 atmosfera intelectual de Oxford, Joy \u00e9 levada a confrontar suas feridas mais profundas: culpa, medo, solid\u00e3o, descren\u00e7a e uma dolorosa necessidade de recome\u00e7ar.<\/p>\n<p>Nesta poderosa recria\u00e7\u00e3o de uma das maiores hist\u00f3rias de amor do s\u00e9culo XX, conhecemos uma mulher brilhante e indom\u00e1vel que, por meio de sua f\u00e9 nascente, coragem feroz e paix\u00e3o pelas palavras, transformou a vida de um dos autores mais influentes da literatura &#8211; e inspirou obras que ainda hoje nos encantam e transformam.<\/p>\n<p>&#8220;Patti Callahan escolheu uma personagem que sempre foi deixada de lado, que sempre esteve em segundo plano em rela\u00e7\u00e3o ao seu par masculino, e lhe deu uma voz intensa e apaixonante. Para os f\u00e3s de Lewis curiosos sobre a mulher que inspirou A anatomia de um luto, este livro traz um vislumbre poderoso e fascinante da vida \u00edntima de duas pessoas extraordin\u00e1rias.&#8221;<br \/>\n&#8211; NEW YORK JOURNAL OF BOOKS<\/p>\n","protected":false},"excerpt":{"rendered":"<p>Em uma amizade improv\u00e1vel, ela encontrou o amor. Em um mundo que silenciava as mulheres, ela encontrou sua voz. Joy&hellip;<\/p>\n","protected":false},"featured_media":345786,"comment_status":"open","ping_status":"closed","template":"","meta":[],"product_cat":[162,134],"product_tag":[],"_links":{"self":[{"href":"https:\/\/www.livrariarema.com.br\/loja\/wp-json\/wp\/v2\/product\/338991"}],"collection":[{"href":"https:\/\/www.livrariarema.com.br\/loja\/wp-json\/wp\/v2\/product"}],"about":[{"href":"https:\/\/www.livrariarema.com.br\/loja\/wp-json\/wp\/v2\/types\/product"}],"replies":[{"embeddable":true,"href":"https:\/\/www.livrariarema.com.br\/loja\/wp-json\/wp\/v2\/comments?post=338991"}],"wp:featuredmedia":[{"embeddable":true,"href":"https:\/\/www.livrariarema.com.br\/loja\/wp-json\/wp\/v2\/media\/345786"}],"wp:attachment":[{"href":"https:\/\/www.livrariarema.com.br\/loja\/wp-json\/wp\/v2\/media?parent=338991"}],"wp:term":[{"taxonomy":"product_cat","embeddable":true,"href":"https:\/\/www.livrariarema.com.br\/loja\/wp-json\/wp\/v2\/product_cat?post=338991"},{"taxonomy":"product_tag","embeddable":true,"href":"https:\/\/www.livrariarema.com.br\/loja\/wp-json\/wp\/v2\/product_tag?post=338991"}],"curies":[{"name":"wp","href":"https:\/\/api.w.org\/{rel}","templated":true}]}}