{"id":338995,"date":"2025-09-30T12:26:21","date_gmt":"2025-09-30T15:26:21","guid":{"rendered":"https:\/\/www.livrariarema.com.br\/loja\/produtos\/sem%20categoria\/se-pudesse-ver-as-estrelas-becca-mackenzie\/"},"modified":"2026-04-25T09:40:37","modified_gmt":"2026-04-25T12:40:37","slug":"se-pudesse-ver-as-estrelas-becca-mackenzie","status":"publish","type":"product","link":"https:\/\/www.livrariarema.com.br\/loja\/produtos\/livros\/ficcao\/se-pudesse-ver-as-estrelas-becca-mackenzie\/","title":{"rendered":"Se Pudesse Ver As Estrelas &#8211; Becca Mackenzie"},"content":{"rendered":"<p>ENCONTR\u00c1-LA ERA UM SONHO. CONHEC\u00ca-LA SER\u00c1 UM DESAFIO.<\/p>\n<p>Depois de arriscarem tudo para chegar \u00e0 Terra, Alison e Levi acreditavam que a parte mais dif\u00edcil havia ficado para tr\u00e1s. No entanto, este novo lugar revela-se muito mais complexo do que a Terra do Nunca.<\/p>\n<p>Enquanto Levi tenta se adaptar a um mundo que o enxerga como um vil\u00e3o sa\u00eddo dos livros, Alison se lan\u00e7a na miss\u00e3o de achar sua m\u00e3e biol\u00f3gica e, enfim, obter as respostas que sempre procurou. Contudo, a mulher que encontra \u00e9 marcada por cicatrizes que mal consegue esconder.<\/p>\n<p>\u00c0 medida que as duas constroem uma fr\u00e1gil amizade, Alison testemunha a dor dela sem poder revelar que \u00e9 a causa e, talvez, a cura para tamanho sofrimento. E, com o tempo correndo contra si, ter\u00e1 de confiar que os la\u00e7os invis\u00edveis entre m\u00e3e e filha s\u00e3o mais fortes do que o esquecimento &#8211; e que algumas hist\u00f3rias, mesmo quando parecem perdidas, ainda podem encontrar um novo come\u00e7o.<\/p>\n<p>&#8220;Com uma narrativa comovente e poderosa, Becca Mackenzie nos guia por uma jornada de coragem, reden\u00e7\u00e3o e esperan\u00e7a. Uma hist\u00f3ria grandiosa! Voc\u00ea n\u00e3o ser\u00e1 o mesmo ap\u00f3s essa leitura!&#8221;<br \/>\n&#8211; QUEREN ANE, coautora de Corajosas<\/p>\n","protected":false},"excerpt":{"rendered":"<p>ENCONTR\u00c1-LA ERA UM SONHO. CONHEC\u00ca-LA SER\u00c1 UM DESAFIO. Depois de arriscarem tudo para chegar \u00e0 Terra, Alison e Levi acreditavam&hellip;<\/p>\n","protected":false},"featured_media":346988,"comment_status":"open","ping_status":"closed","template":"","meta":[],"product_cat":[162,134],"product_tag":[],"_links":{"self":[{"href":"https:\/\/www.livrariarema.com.br\/loja\/wp-json\/wp\/v2\/product\/338995"}],"collection":[{"href":"https:\/\/www.livrariarema.com.br\/loja\/wp-json\/wp\/v2\/product"}],"about":[{"href":"https:\/\/www.livrariarema.com.br\/loja\/wp-json\/wp\/v2\/types\/product"}],"replies":[{"embeddable":true,"href":"https:\/\/www.livrariarema.com.br\/loja\/wp-json\/wp\/v2\/comments?post=338995"}],"wp:featuredmedia":[{"embeddable":true,"href":"https:\/\/www.livrariarema.com.br\/loja\/wp-json\/wp\/v2\/media\/346988"}],"wp:attachment":[{"href":"https:\/\/www.livrariarema.com.br\/loja\/wp-json\/wp\/v2\/media?parent=338995"}],"wp:term":[{"taxonomy":"product_cat","embeddable":true,"href":"https:\/\/www.livrariarema.com.br\/loja\/wp-json\/wp\/v2\/product_cat?post=338995"},{"taxonomy":"product_tag","embeddable":true,"href":"https:\/\/www.livrariarema.com.br\/loja\/wp-json\/wp\/v2\/product_tag?post=338995"}],"curies":[{"name":"wp","href":"https:\/\/api.w.org\/{rel}","templated":true}]}}