{"id":339062,"date":"2025-10-01T12:04:44","date_gmt":"2025-10-01T15:04:44","guid":{"rendered":"https:\/\/www.livrariarema.com.br\/loja\/produtos\/sem categoria\/caderno-de-receitas-80-folhas-soho\/"},"modified":"2026-03-14T10:21:03","modified_gmt":"2026-03-14T13:21:03","slug":"caderno-de-receitas-80-folhas-soho","status":"publish","type":"product","link":"https:\/\/www.livrariarema.com.br\/loja\/produtos\/papelaria\/caderno\/caderno-de-receitas-80-folhas-soho\/","title":{"rendered":"Caderno De Receitas &#8211; 80 Folhas &#8211; Soho"},"content":{"rendered":"<p>O Caderno de Receitas Espiral Soho 90 Gramas 80 Folhas \u00e9 ideal para organiza\u00e7\u00e3o de receitas. O produto possui capa dura com detalhe metalizado, parte interna decorada, bolsa pl\u00e1stica, adesivos e folhas pautadas e decoradas, na cor creme, com gramatura 90g\/m\u00b2.<\/p>\n<p>Detalhes:<br \/>\nBolsa<br \/>\nCapa: dura<br \/>\nCapa acabamento: com detalhe metalizado e com relevo<br \/>\nEspiral: colorido<br \/>\nFolha de adesivos<br \/>\nFolhas: em papel creme e pautadas decoradas<br \/>\nParte interna da capa decorada<br \/>\nProduto certificado: FSC<br \/>\nFormato: 177mm x 240mm<br \/>\nGramatura: 90 g\/m\u00b2<br \/>\nN\u00famero de folhas: 80 folhas<\/p>\n<p>* Vendido individualmente<br \/>\n* Enviado de acordo com a disponibilidade em estoque<\/p>\n","protected":false},"excerpt":{"rendered":"<p>O Caderno de Receitas Espiral Soho 90 Gramas 80 Folhas \u00e9 ideal para organiza\u00e7\u00e3o de receitas. O produto possui capa&hellip;<\/p>\n","protected":false},"featured_media":339061,"comment_status":"open","ping_status":"closed","template":"","meta":[],"product_cat":[230,215],"product_tag":[],"_links":{"self":[{"href":"https:\/\/www.livrariarema.com.br\/loja\/wp-json\/wp\/v2\/product\/339062"}],"collection":[{"href":"https:\/\/www.livrariarema.com.br\/loja\/wp-json\/wp\/v2\/product"}],"about":[{"href":"https:\/\/www.livrariarema.com.br\/loja\/wp-json\/wp\/v2\/types\/product"}],"replies":[{"embeddable":true,"href":"https:\/\/www.livrariarema.com.br\/loja\/wp-json\/wp\/v2\/comments?post=339062"}],"wp:featuredmedia":[{"embeddable":true,"href":"https:\/\/www.livrariarema.com.br\/loja\/wp-json\/wp\/v2\/media\/339061"}],"wp:attachment":[{"href":"https:\/\/www.livrariarema.com.br\/loja\/wp-json\/wp\/v2\/media?parent=339062"}],"wp:term":[{"taxonomy":"product_cat","embeddable":true,"href":"https:\/\/www.livrariarema.com.br\/loja\/wp-json\/wp\/v2\/product_cat?post=339062"},{"taxonomy":"product_tag","embeddable":true,"href":"https:\/\/www.livrariarema.com.br\/loja\/wp-json\/wp\/v2\/product_tag?post=339062"}],"curies":[{"name":"wp","href":"https:\/\/api.w.org\/{rel}","templated":true}]}}