{"id":339066,"date":"2025-10-01T12:05:15","date_gmt":"2025-10-01T15:05:15","guid":{"rendered":"https:\/\/www.livrariarema.com.br\/loja\/produtos\/sem categoria\/caderno-grampeado-32-folhas-1-8-kraft\/"},"modified":"2026-01-27T10:10:18","modified_gmt":"2026-01-27T13:10:18","slug":"caderno-grampeado-32-folhas-1-8-kraft","status":"publish","type":"product","link":"https:\/\/www.livrariarema.com.br\/loja\/produtos\/papelaria\/caderno\/caderno-grampeado-32-folhas-1-8-kraft\/","title":{"rendered":"Caderno Grampeado 32 Folhas &#8211; 1\/8 &#8211; Kraft"},"content":{"rendered":"<p>Kraftwork apresenta a eleg\u00e2ncia da est\u00e9tica natural e simples. O minimalismo dos produtos, com linhas e formas limpas, \u00e9 um dos tra\u00e7os marcantes para atrair e conquistar pessoas de diferentes segmentos e estilos. <br \/>\nA Caderneta Grampeada Flex\u00edvel Kraftwork 32 Folhas \u00e9 ideal para organiza\u00e7\u00e3o. Possui capa flex\u00edvel em papel kraft e folhas pautadas para trazer praticidade ao dia a dia.<\/p>\n<p>Formato: 123mm x 176mm<br \/>\nGramatura: 63 g\/m\u00b2<br \/>\nN\u00famero de folhas: 32 folhas<\/p>\n<p>* Vendido individualmente<br \/>\n* Enviado de acordo com a disponibilidade em estoque<\/p>\n","protected":false},"excerpt":{"rendered":"<p>Kraftwork apresenta a eleg\u00e2ncia da est\u00e9tica natural e simples. O minimalismo dos produtos, com linhas e formas limpas, \u00e9 um&hellip;<\/p>\n","protected":false},"featured_media":339065,"comment_status":"open","ping_status":"closed","template":"","meta":[],"product_cat":[230,215],"product_tag":[],"_links":{"self":[{"href":"https:\/\/www.livrariarema.com.br\/loja\/wp-json\/wp\/v2\/product\/339066"}],"collection":[{"href":"https:\/\/www.livrariarema.com.br\/loja\/wp-json\/wp\/v2\/product"}],"about":[{"href":"https:\/\/www.livrariarema.com.br\/loja\/wp-json\/wp\/v2\/types\/product"}],"replies":[{"embeddable":true,"href":"https:\/\/www.livrariarema.com.br\/loja\/wp-json\/wp\/v2\/comments?post=339066"}],"wp:featuredmedia":[{"embeddable":true,"href":"https:\/\/www.livrariarema.com.br\/loja\/wp-json\/wp\/v2\/media\/339065"}],"wp:attachment":[{"href":"https:\/\/www.livrariarema.com.br\/loja\/wp-json\/wp\/v2\/media?parent=339066"}],"wp:term":[{"taxonomy":"product_cat","embeddable":true,"href":"https:\/\/www.livrariarema.com.br\/loja\/wp-json\/wp\/v2\/product_cat?post=339066"},{"taxonomy":"product_tag","embeddable":true,"href":"https:\/\/www.livrariarema.com.br\/loja\/wp-json\/wp\/v2\/product_tag?post=339066"}],"curies":[{"name":"wp","href":"https:\/\/api.w.org\/{rel}","templated":true}]}}