{"id":339075,"date":"2025-10-01T12:36:03","date_gmt":"2025-10-01T15:36:03","guid":{"rendered":"https:\/\/www.livrariarema.com.br\/loja\/produtos\/sem categoria\/caderno-universitario-80-folhas-musica\/"},"modified":"2026-05-06T17:50:23","modified_gmt":"2026-05-06T20:50:23","slug":"caderno-universitario-80-folhas-musica","status":"publish","type":"product","link":"https:\/\/www.livrariarema.com.br\/loja\/produtos\/papelaria\/caderno\/caderno-universitario-80-folhas-musica\/","title":{"rendered":"Caderno Universit\u00e1rio 80 Folhas &#8211; M\u00fasica"},"content":{"rendered":"<p>O Caderno de M\u00fasica Espiral Capa Dura Universit\u00e1rio Tilibra 80 Folhas possui capa dura e folhas espec\u00edficas para partituras. Ideal para atividades musicais.<\/p>\n<p>* Vendido individualmente<br \/>\n* Enviado de acordo com a disponibilidade em estoque<\/p>\n","protected":false},"excerpt":{"rendered":"<p>O Caderno de M\u00fasica Espiral Capa Dura Universit\u00e1rio Tilibra 80 Folhas possui capa dura e folhas espec\u00edficas para partituras. Ideal&hellip;<\/p>\n","protected":false},"featured_media":339074,"comment_status":"open","ping_status":"closed","template":"","meta":[],"product_cat":[230,215],"product_tag":[],"_links":{"self":[{"href":"https:\/\/www.livrariarema.com.br\/loja\/wp-json\/wp\/v2\/product\/339075"}],"collection":[{"href":"https:\/\/www.livrariarema.com.br\/loja\/wp-json\/wp\/v2\/product"}],"about":[{"href":"https:\/\/www.livrariarema.com.br\/loja\/wp-json\/wp\/v2\/types\/product"}],"replies":[{"embeddable":true,"href":"https:\/\/www.livrariarema.com.br\/loja\/wp-json\/wp\/v2\/comments?post=339075"}],"wp:featuredmedia":[{"embeddable":true,"href":"https:\/\/www.livrariarema.com.br\/loja\/wp-json\/wp\/v2\/media\/339074"}],"wp:attachment":[{"href":"https:\/\/www.livrariarema.com.br\/loja\/wp-json\/wp\/v2\/media?parent=339075"}],"wp:term":[{"taxonomy":"product_cat","embeddable":true,"href":"https:\/\/www.livrariarema.com.br\/loja\/wp-json\/wp\/v2\/product_cat?post=339075"},{"taxonomy":"product_tag","embeddable":true,"href":"https:\/\/www.livrariarema.com.br\/loja\/wp-json\/wp\/v2\/product_tag?post=339075"}],"curies":[{"name":"wp","href":"https:\/\/api.w.org\/{rel}","templated":true}]}}