{"id":339098,"date":"2025-10-01T14:57:55","date_gmt":"2025-10-01T17:57:55","guid":{"rendered":"https:\/\/www.livrariarema.com.br\/loja\/produtos\/sem categoria\/apontador-tilibra-montar-animais-1-furo\/"},"modified":"2026-04-23T11:43:00","modified_gmt":"2026-04-23T14:43:00","slug":"apontador-tilibra-montar-animais-1-furo","status":"publish","type":"product","link":"https:\/\/www.livrariarema.com.br\/loja\/produtos\/papelaria\/apontador\/apontador-tilibra-montar-animais-1-furo\/","title":{"rendered":"Apontador &#8211; Tilibra &#8211; Montar Animais &#8211; 1 Furo"},"content":{"rendered":"<p>&#8220;O Apontador 1 Furo com Dep\u00f3sito de Montar Safari Tilibra \u00e9 um produto de alta qualidade que combina divers\u00e3o e funcionalidade. Com modelos sortidos e montagem r\u00e1pida, este apontador \u00e9 perfeito para crian\u00e7as e adultos que desejam um toque l\u00fadico na rotina escolar ou de trabalho. A l\u00e2mina de a\u00e7o carbono garante que ao apontar o l\u00e1pis, ser\u00e1 preciso e o dep\u00f3sito integrado facilita o descarte dos res\u00edduos.<br \/>\nEste modelo, certificado pelo Inmetro, tamb\u00e9m acompanha manual de montagem das pe\u00e7as e adesivo para personaliza\u00e7\u00e3o, tornando a experi\u00eancia ainda mais interativa. Torne a tarefa de apontar l\u00e1pis em um momento divertido com o Apontador 1 Furo com Dep\u00f3sito de Montar Safari da Tilibra!&#8221;<\/p>\n<p>Registro Inmetro: 014528\/2024<\/p>\n","protected":false},"excerpt":{"rendered":"<p>&#8220;O Apontador 1 Furo com Dep\u00f3sito de Montar Safari Tilibra \u00e9 um produto de alta qualidade que combina divers\u00e3o e&hellip;<\/p>\n","protected":false},"featured_media":339097,"comment_status":"open","ping_status":"closed","template":"","meta":[],"product_cat":[283,215],"product_tag":[],"_links":{"self":[{"href":"https:\/\/www.livrariarema.com.br\/loja\/wp-json\/wp\/v2\/product\/339098"}],"collection":[{"href":"https:\/\/www.livrariarema.com.br\/loja\/wp-json\/wp\/v2\/product"}],"about":[{"href":"https:\/\/www.livrariarema.com.br\/loja\/wp-json\/wp\/v2\/types\/product"}],"replies":[{"embeddable":true,"href":"https:\/\/www.livrariarema.com.br\/loja\/wp-json\/wp\/v2\/comments?post=339098"}],"wp:featuredmedia":[{"embeddable":true,"href":"https:\/\/www.livrariarema.com.br\/loja\/wp-json\/wp\/v2\/media\/339097"}],"wp:attachment":[{"href":"https:\/\/www.livrariarema.com.br\/loja\/wp-json\/wp\/v2\/media?parent=339098"}],"wp:term":[{"taxonomy":"product_cat","embeddable":true,"href":"https:\/\/www.livrariarema.com.br\/loja\/wp-json\/wp\/v2\/product_cat?post=339098"},{"taxonomy":"product_tag","embeddable":true,"href":"https:\/\/www.livrariarema.com.br\/loja\/wp-json\/wp\/v2\/product_tag?post=339098"}],"curies":[{"name":"wp","href":"https:\/\/api.w.org\/{rel}","templated":true}]}}