{"id":339128,"date":"2025-10-01T15:02:44","date_gmt":"2025-10-01T18:02:44","guid":{"rendered":"https:\/\/www.livrariarema.com.br\/loja\/produtos\/sem categoria\/bloco-tilembrete-50-folhas-snoopy-g-folhas-nao-adesivas\/"},"modified":"2025-12-22T12:22:18","modified_gmt":"2025-12-22T15:22:18","slug":"bloco-tilembrete-50-folhas-snoopy-g-folhas-nao-adesivas","status":"publish","type":"product","link":"https:\/\/www.livrariarema.com.br\/loja\/produtos\/papelaria\/bloco\/bloco-tilembrete-50-folhas-snoopy-g-folhas-nao-adesivas\/","title":{"rendered":"Bloco Tilembrete &#8211; 50 Folhas &#8211; Snoopy &#8211; G (Folhas N\u00e3o Adesivas)"},"content":{"rendered":"<p>O Bloco Tilembrete G da Tilibra \u00e9 a solu\u00e7\u00e3o ideal para suas anota\u00e7\u00f5es di\u00e1rias. Este modelo tem tamanho de 82x209mm para oferecer muito mais espa\u00e7o \u00e0s suas ideias e lembretes importantes.<\/p>\n<p>Este modelo tem 50 folhas destac\u00e1veis e decoradas com a tem\u00e1tica da marca Snoopy. Com o produto em m\u00e3os, voc\u00ea poder\u00e1 escrever recadinhos fofos para as amigas, decorar a agenda ou planner e manter suas anota\u00e7\u00f5es sempre \u00e0 m\u00e3o, organizadas e cheias de charme! Leve j\u00e1 o seu Bloco Tilembrete G!<\/p>\n","protected":false},"excerpt":{"rendered":"<p>O Bloco Tilembrete G da Tilibra \u00e9 a solu\u00e7\u00e3o ideal para suas anota\u00e7\u00f5es di\u00e1rias. Este modelo tem tamanho de 82x209mm&hellip;<\/p>\n","protected":false},"featured_media":339127,"comment_status":"open","ping_status":"closed","template":"","meta":[],"product_cat":[239,215],"product_tag":[],"_links":{"self":[{"href":"https:\/\/www.livrariarema.com.br\/loja\/wp-json\/wp\/v2\/product\/339128"}],"collection":[{"href":"https:\/\/www.livrariarema.com.br\/loja\/wp-json\/wp\/v2\/product"}],"about":[{"href":"https:\/\/www.livrariarema.com.br\/loja\/wp-json\/wp\/v2\/types\/product"}],"replies":[{"embeddable":true,"href":"https:\/\/www.livrariarema.com.br\/loja\/wp-json\/wp\/v2\/comments?post=339128"}],"wp:featuredmedia":[{"embeddable":true,"href":"https:\/\/www.livrariarema.com.br\/loja\/wp-json\/wp\/v2\/media\/339127"}],"wp:attachment":[{"href":"https:\/\/www.livrariarema.com.br\/loja\/wp-json\/wp\/v2\/media?parent=339128"}],"wp:term":[{"taxonomy":"product_cat","embeddable":true,"href":"https:\/\/www.livrariarema.com.br\/loja\/wp-json\/wp\/v2\/product_cat?post=339128"},{"taxonomy":"product_tag","embeddable":true,"href":"https:\/\/www.livrariarema.com.br\/loja\/wp-json\/wp\/v2\/product_tag?post=339128"}],"curies":[{"name":"wp","href":"https:\/\/api.w.org\/{rel}","templated":true}]}}