{"id":339210,"date":"2025-10-03T10:36:31","date_gmt":"2025-10-03T13:36:31","guid":{"rendered":"https:\/\/www.livrariarema.com.br\/loja\/produtos\/sem categoria\/jogo-grow-soletrando\/"},"modified":"2025-10-03T10:36:34","modified_gmt":"2025-10-03T13:36:34","slug":"jogo-grow-soletrando","status":"publish","type":"product","link":"https:\/\/www.livrariarema.com.br\/loja\/produtos\/brinquedos\/jogos-para-familia\/jogo-grow-soletrando\/","title":{"rendered":"Jogo &#8211; Grow &#8211; Soletrando"},"content":{"rendered":"<p>Soletrando amplia o vocabul\u00e1rio da crian\u00e7a e estimula a constru\u00e7\u00e3o de palavras. Juntando figuras, a crian\u00e7a forma palavras: Se a palavra tem 4 letras, 4 partes tem a figura. Agora com fotografias de animais, a atividade permite \u00e0 crian\u00e7a brincar de montar a palavra a partir da imagem ou, montar a imagem a partir da palavra.<\/p>\n<p>A partir de 5 anos<br \/>\nParticipantes: 1 a 4<br \/>\n12 cartelas fracionadas na quantidade de letras, 12 fichas com imagens e nomes, manual de instru\u00e7\u00f5es<\/p>\n","protected":false},"excerpt":{"rendered":"<p>Soletrando amplia o vocabul\u00e1rio da crian\u00e7a e estimula a constru\u00e7\u00e3o de palavras. Juntando figuras, a crian\u00e7a forma palavras: Se a&hellip;<\/p>\n","protected":false},"featured_media":339209,"comment_status":"open","ping_status":"closed","template":"","meta":[],"product_cat":[315,316],"product_tag":[],"_links":{"self":[{"href":"https:\/\/www.livrariarema.com.br\/loja\/wp-json\/wp\/v2\/product\/339210"}],"collection":[{"href":"https:\/\/www.livrariarema.com.br\/loja\/wp-json\/wp\/v2\/product"}],"about":[{"href":"https:\/\/www.livrariarema.com.br\/loja\/wp-json\/wp\/v2\/types\/product"}],"replies":[{"embeddable":true,"href":"https:\/\/www.livrariarema.com.br\/loja\/wp-json\/wp\/v2\/comments?post=339210"}],"wp:featuredmedia":[{"embeddable":true,"href":"https:\/\/www.livrariarema.com.br\/loja\/wp-json\/wp\/v2\/media\/339209"}],"wp:attachment":[{"href":"https:\/\/www.livrariarema.com.br\/loja\/wp-json\/wp\/v2\/media?parent=339210"}],"wp:term":[{"taxonomy":"product_cat","embeddable":true,"href":"https:\/\/www.livrariarema.com.br\/loja\/wp-json\/wp\/v2\/product_cat?post=339210"},{"taxonomy":"product_tag","embeddable":true,"href":"https:\/\/www.livrariarema.com.br\/loja\/wp-json\/wp\/v2\/product_tag?post=339210"}],"curies":[{"name":"wp","href":"https:\/\/api.w.org\/{rel}","templated":true}]}}