{"id":339212,"date":"2025-10-03T10:36:37","date_gmt":"2025-10-03T13:36:37","guid":{"rendered":"https:\/\/www.livrariarema.com.br\/loja\/produtos\/sem categoria\/jogo-grow-primeiras-palavras\/"},"modified":"2025-10-03T10:36:39","modified_gmt":"2025-10-03T13:36:39","slug":"jogo-grow-primeiras-palavras","status":"publish","type":"product","link":"https:\/\/www.livrariarema.com.br\/loja\/produtos\/brinquedos\/jogos-para-familia\/jogo-grow-primeiras-palavras\/","title":{"rendered":"Jogo &#8211; Grow &#8211; Primeiras Palavras"},"content":{"rendered":"<p>O Primeiras Palavras \u00e9 um jogo educativo perfeito para quem tem crian\u00e7as pequenas na fam\u00edlia e quer ajudar na alfabetiza\u00e7\u00e3o delas.<\/p>\n<p>Nesse jogo de palavras, a crian\u00e7a junta as cartelas com um mesmo desenho para formar o nome da figura repetida.<br \/>\nComo jogar Primeiras Palavras?<br \/>\nPe\u00e7a para a crian\u00e7a escolher um desenho. Por exemplo: gato.<br \/>\nDepois de juntar as 4 cartelas que t\u00eam o desenho do gato e coloc\u00e1-las uma atr\u00e1s da outra, formar\u00e1 a palavra gato.<br \/>\nN\u00e3o importa a ordem em que as cartelas s\u00e3o colocadas, a palavra sempre ser\u00e1 formada!<\/p>\n<p>S\u00e3o 28 palavras de 4 letras para as crian\u00e7as se divertirem e aprenderem como se escreve cada palavra!<br \/>\nIndicado a partir dos 4 anos.<\/p>\n","protected":false},"excerpt":{"rendered":"<p>O Primeiras Palavras \u00e9 um jogo educativo perfeito para quem tem crian\u00e7as pequenas na fam\u00edlia e quer ajudar na alfabetiza\u00e7\u00e3o&hellip;<\/p>\n","protected":false},"featured_media":339211,"comment_status":"open","ping_status":"closed","template":"","meta":[],"product_cat":[315,316],"product_tag":[],"_links":{"self":[{"href":"https:\/\/www.livrariarema.com.br\/loja\/wp-json\/wp\/v2\/product\/339212"}],"collection":[{"href":"https:\/\/www.livrariarema.com.br\/loja\/wp-json\/wp\/v2\/product"}],"about":[{"href":"https:\/\/www.livrariarema.com.br\/loja\/wp-json\/wp\/v2\/types\/product"}],"replies":[{"embeddable":true,"href":"https:\/\/www.livrariarema.com.br\/loja\/wp-json\/wp\/v2\/comments?post=339212"}],"wp:featuredmedia":[{"embeddable":true,"href":"https:\/\/www.livrariarema.com.br\/loja\/wp-json\/wp\/v2\/media\/339211"}],"wp:attachment":[{"href":"https:\/\/www.livrariarema.com.br\/loja\/wp-json\/wp\/v2\/media?parent=339212"}],"wp:term":[{"taxonomy":"product_cat","embeddable":true,"href":"https:\/\/www.livrariarema.com.br\/loja\/wp-json\/wp\/v2\/product_cat?post=339212"},{"taxonomy":"product_tag","embeddable":true,"href":"https:\/\/www.livrariarema.com.br\/loja\/wp-json\/wp\/v2\/product_tag?post=339212"}],"curies":[{"name":"wp","href":"https:\/\/api.w.org\/{rel}","templated":true}]}}