{"id":339214,"date":"2025-10-03T10:36:42","date_gmt":"2025-10-03T13:36:42","guid":{"rendered":"https:\/\/www.livrariarema.com.br\/loja\/produtos\/sem categoria\/jogo-grow-imagem-acao-junior\/"},"modified":"2025-10-08T14:31:04","modified_gmt":"2025-10-08T17:31:04","slug":"jogo-grow-imagem-acao-junior","status":"publish","type":"product","link":"https:\/\/www.livrariarema.com.br\/loja\/produtos\/brinquedos\/jogos-para-familia\/jogo-grow-imagem-acao-junior\/","title":{"rendered":"Jogo &#8211; Grow &#8211; Imagem &amp; A\u00e7\u00e3o Junior"},"content":{"rendered":"<p>O cl\u00e1ssico jogo de desenho e adivinha\u00e7\u00e3o agora em uma vers\u00e3o exclusiva para a crian\u00e7ada!<br \/>\nCada jogador ser\u00e1 o desenhista e, na sua vez, tentar\u00e1 passar \u00e0 sua equipe uma palavra ou express\u00e3o. \u00c9 proibido falar, escrever letras e n\u00fameros e fazer gestos ou m\u00edmicas. Os \u00fanicos instrumentos que voc\u00ea ter\u00e1 \u00e0 disposi\u00e7\u00e3o s\u00e3o um l\u00e1pis e um papel, para desenhar, esbo\u00e7ar e rabiscar o que quiser. Os colegas de equipe t\u00eam o tempo da ampulheta para adivinhar. E voc\u00ea n\u00e3o precisa ser desenhista, o que vale \u00e9 a sua criatividade!<br \/>\nO jogo foi desenvolvido especialmente para a idade de 5 a 10 anos, para estimular a criatividade na associa\u00e7\u00e3o de desenhos e palavras. Quem tem de 5 a 7 anos, joga com o baralho azul, que possui palavras mais simples. J\u00e1 quem tem de 8 a 10 anos, joga com o baralho vermelho, um pouco mais dif\u00edcil e adequado \u00e0 idade.<br \/>\nS\u00e3o 480 palavras para desenhar. Cada carta tem quatro palavras.Na sequ\u00eancia, uma vai ficando mais dif\u00edcil que a outra. A equipe s\u00f3 pode passar para a segunda palavra se acertar o desenho da primeira, e assim por diante. \u00c9 preciso correr, porque o tempo \u00e9 curto! Ganha a equipe que &#8220;matar&#8221; primeiro as quatro palavras desenhadas. Para isso, o que conta \u00e9 muita criatividade e imagina\u00e7\u00e3o!<\/p>\n","protected":false},"excerpt":{"rendered":"<p>O cl\u00e1ssico jogo de desenho e adivinha\u00e7\u00e3o agora em uma vers\u00e3o exclusiva para a crian\u00e7ada! Cada jogador ser\u00e1 o desenhista&hellip;<\/p>\n","protected":false},"featured_media":339213,"comment_status":"open","ping_status":"closed","template":"","meta":[],"product_cat":[315,316],"product_tag":[],"_links":{"self":[{"href":"https:\/\/www.livrariarema.com.br\/loja\/wp-json\/wp\/v2\/product\/339214"}],"collection":[{"href":"https:\/\/www.livrariarema.com.br\/loja\/wp-json\/wp\/v2\/product"}],"about":[{"href":"https:\/\/www.livrariarema.com.br\/loja\/wp-json\/wp\/v2\/types\/product"}],"replies":[{"embeddable":true,"href":"https:\/\/www.livrariarema.com.br\/loja\/wp-json\/wp\/v2\/comments?post=339214"}],"wp:featuredmedia":[{"embeddable":true,"href":"https:\/\/www.livrariarema.com.br\/loja\/wp-json\/wp\/v2\/media\/339213"}],"wp:attachment":[{"href":"https:\/\/www.livrariarema.com.br\/loja\/wp-json\/wp\/v2\/media?parent=339214"}],"wp:term":[{"taxonomy":"product_cat","embeddable":true,"href":"https:\/\/www.livrariarema.com.br\/loja\/wp-json\/wp\/v2\/product_cat?post=339214"},{"taxonomy":"product_tag","embeddable":true,"href":"https:\/\/www.livrariarema.com.br\/loja\/wp-json\/wp\/v2\/product_tag?post=339214"}],"curies":[{"name":"wp","href":"https:\/\/api.w.org\/{rel}","templated":true}]}}