{"id":339216,"date":"2025-10-03T10:36:49","date_gmt":"2025-10-03T13:36:49","guid":{"rendered":"https:\/\/www.livrariarema.com.br\/loja\/produtos\/sem categoria\/jogo-grow-rummikub\/"},"modified":"2025-10-03T10:36:52","modified_gmt":"2025-10-03T13:36:52","slug":"jogo-grow-rummikub","status":"publish","type":"product","link":"https:\/\/www.livrariarema.com.br\/loja\/produtos\/brinquedos\/jogos-para-familia\/jogo-grow-rummikub\/","title":{"rendered":"Jogo &#8211; Grow &#8211; Rummikub"},"content":{"rendered":"<p>Um dos jogos de maior sucesso da Grow est\u00e1 aqui!<\/p>\n<p>Jogue Rummikub com seus amigos e tenha toda a aten\u00e7\u00e3o e racioc\u00ednio para sair como o grande vencedor!<\/p>\n<p>O desafio de Rummikub est\u00e1 em se livrar de todas as pedras em suas m\u00e3os antes dos seus oponentes.<\/p>\n<p>Ser\u00e1 que voc\u00ea \u00e9 capaz de venc\u00ea-los?<\/p>\n","protected":false},"excerpt":{"rendered":"<p>Um dos jogos de maior sucesso da Grow est\u00e1 aqui! Jogue Rummikub com seus amigos e tenha toda a aten\u00e7\u00e3o&hellip;<\/p>\n","protected":false},"featured_media":339215,"comment_status":"open","ping_status":"closed","template":"","meta":[],"product_cat":[315,316],"product_tag":[],"_links":{"self":[{"href":"https:\/\/www.livrariarema.com.br\/loja\/wp-json\/wp\/v2\/product\/339216"}],"collection":[{"href":"https:\/\/www.livrariarema.com.br\/loja\/wp-json\/wp\/v2\/product"}],"about":[{"href":"https:\/\/www.livrariarema.com.br\/loja\/wp-json\/wp\/v2\/types\/product"}],"replies":[{"embeddable":true,"href":"https:\/\/www.livrariarema.com.br\/loja\/wp-json\/wp\/v2\/comments?post=339216"}],"wp:featuredmedia":[{"embeddable":true,"href":"https:\/\/www.livrariarema.com.br\/loja\/wp-json\/wp\/v2\/media\/339215"}],"wp:attachment":[{"href":"https:\/\/www.livrariarema.com.br\/loja\/wp-json\/wp\/v2\/media?parent=339216"}],"wp:term":[{"taxonomy":"product_cat","embeddable":true,"href":"https:\/\/www.livrariarema.com.br\/loja\/wp-json\/wp\/v2\/product_cat?post=339216"},{"taxonomy":"product_tag","embeddable":true,"href":"https:\/\/www.livrariarema.com.br\/loja\/wp-json\/wp\/v2\/product_tag?post=339216"}],"curies":[{"name":"wp","href":"https:\/\/api.w.org\/{rel}","templated":true}]}}