{"id":339219,"date":"2025-10-03T10:37:15","date_gmt":"2025-10-03T13:37:15","guid":{"rendered":"https:\/\/www.livrariarema.com.br\/loja\/produtos\/sem categoria\/quebra-cabecas-grow-30-pecas-arca-de-noe\/"},"modified":"2026-03-16T18:20:43","modified_gmt":"2026-03-16T21:20:43","slug":"quebra-cabecas-grow-30-pecas-arca-de-noe","status":"publish","type":"product","link":"https:\/\/www.livrariarema.com.br\/loja\/produtos\/brinquedos\/quebra-cabecas\/quebra-cabecas-grow-30-pecas-arca-de-noe\/","title":{"rendered":"Quebra-Cabe\u00e7as &#8211; Grow &#8211; 30 Pe\u00e7as &#8211; Arca De No\u00e9"},"content":{"rendered":"<p>Uma simp\u00e1tica imagem ilustrada com os casais de animais da arca de no\u00e9 especialmente para este quebra-cabe\u00e7a.<\/p>\n<p>S\u00e3o 30 pe\u00e7as, para voc\u00ea encaixar uma a uma at\u00e9 formar uma linda imagem. Mais que um passatempo divertido, os quebra-cabe\u00e7as desenvolvem o racioc\u00ednio, relaxam e se transformam num aut\u00eantico hobby.<\/p>\n<p>A partir de 4 anos<br \/>\nDimens\u00f5es aproximadas da imagem: 26,0 x 18,0 cm<\/p>\n","protected":false},"excerpt":{"rendered":"<p>Uma simp\u00e1tica imagem ilustrada com os casais de animais da arca de no\u00e9 especialmente para este quebra-cabe\u00e7a. S\u00e3o 30 pe\u00e7as,&hellip;<\/p>\n","protected":false},"featured_media":339218,"comment_status":"open","ping_status":"closed","template":"","meta":[],"product_cat":[315,321],"product_tag":[],"_links":{"self":[{"href":"https:\/\/www.livrariarema.com.br\/loja\/wp-json\/wp\/v2\/product\/339219"}],"collection":[{"href":"https:\/\/www.livrariarema.com.br\/loja\/wp-json\/wp\/v2\/product"}],"about":[{"href":"https:\/\/www.livrariarema.com.br\/loja\/wp-json\/wp\/v2\/types\/product"}],"replies":[{"embeddable":true,"href":"https:\/\/www.livrariarema.com.br\/loja\/wp-json\/wp\/v2\/comments?post=339219"}],"wp:featuredmedia":[{"embeddable":true,"href":"https:\/\/www.livrariarema.com.br\/loja\/wp-json\/wp\/v2\/media\/339218"}],"wp:attachment":[{"href":"https:\/\/www.livrariarema.com.br\/loja\/wp-json\/wp\/v2\/media?parent=339219"}],"wp:term":[{"taxonomy":"product_cat","embeddable":true,"href":"https:\/\/www.livrariarema.com.br\/loja\/wp-json\/wp\/v2\/product_cat?post=339219"},{"taxonomy":"product_tag","embeddable":true,"href":"https:\/\/www.livrariarema.com.br\/loja\/wp-json\/wp\/v2\/product_tag?post=339219"}],"curies":[{"name":"wp","href":"https:\/\/api.w.org\/{rel}","templated":true}]}}