{"id":339223,"date":"2025-10-03T10:37:46","date_gmt":"2025-10-03T13:37:46","guid":{"rendered":"https:\/\/www.livrariarema.com.br\/loja\/produtos\/sem categoria\/quebra-cabecas-grow-150-pecas-animais-do-mundo\/"},"modified":"2026-02-14T12:51:02","modified_gmt":"2026-02-14T15:51:02","slug":"quebra-cabecas-grow-150-pecas-animais-do-mundo","status":"publish","type":"product","link":"https:\/\/www.livrariarema.com.br\/loja\/produtos\/brinquedos\/quebra-cabecas\/quebra-cabecas-grow-150-pecas-animais-do-mundo\/","title":{"rendered":"Quebra-Cabe\u00e7as &#8211; Grow &#8211; 150 Pe\u00e7as &#8211; Animais Do Mundo"},"content":{"rendered":"<p>N\u00e3o deixe de brincar e se divertir com este quebra-cabe\u00e7a! S\u00e3o 150 pe\u00e7as, para voc\u00ea encaixar uma a uma at\u00e9 formar uma linda imagem com diversos animais do Mundo.<\/p>\n<p>Tamanho do puzzle montado 45,3 x 30,5 cm<br \/>\nA partir de 6 anos<\/p>\n","protected":false},"excerpt":{"rendered":"<p>N\u00e3o deixe de brincar e se divertir com este quebra-cabe\u00e7a! S\u00e3o 150 pe\u00e7as, para voc\u00ea encaixar uma a uma at\u00e9&hellip;<\/p>\n","protected":false},"featured_media":339222,"comment_status":"open","ping_status":"closed","template":"","meta":[],"product_cat":[315,321],"product_tag":[],"_links":{"self":[{"href":"https:\/\/www.livrariarema.com.br\/loja\/wp-json\/wp\/v2\/product\/339223"}],"collection":[{"href":"https:\/\/www.livrariarema.com.br\/loja\/wp-json\/wp\/v2\/product"}],"about":[{"href":"https:\/\/www.livrariarema.com.br\/loja\/wp-json\/wp\/v2\/types\/product"}],"replies":[{"embeddable":true,"href":"https:\/\/www.livrariarema.com.br\/loja\/wp-json\/wp\/v2\/comments?post=339223"}],"wp:featuredmedia":[{"embeddable":true,"href":"https:\/\/www.livrariarema.com.br\/loja\/wp-json\/wp\/v2\/media\/339222"}],"wp:attachment":[{"href":"https:\/\/www.livrariarema.com.br\/loja\/wp-json\/wp\/v2\/media?parent=339223"}],"wp:term":[{"taxonomy":"product_cat","embeddable":true,"href":"https:\/\/www.livrariarema.com.br\/loja\/wp-json\/wp\/v2\/product_cat?post=339223"},{"taxonomy":"product_tag","embeddable":true,"href":"https:\/\/www.livrariarema.com.br\/loja\/wp-json\/wp\/v2\/product_tag?post=339223"}],"curies":[{"name":"wp","href":"https:\/\/api.w.org\/{rel}","templated":true}]}}