{"id":339227,"date":"2025-10-03T10:38:15","date_gmt":"2025-10-03T13:38:15","guid":{"rendered":"https:\/\/www.livrariarema.com.br\/loja\/produtos\/sem categoria\/jogo-de-memoria-grow-patrulha-canina\/"},"modified":"2026-01-31T12:20:26","modified_gmt":"2026-01-31T15:20:26","slug":"jogo-de-memoria-grow-patrulha-canina","status":"publish","type":"product","link":"https:\/\/www.livrariarema.com.br\/loja\/produtos\/brinquedos\/jogos-de-memoria\/jogo-de-memoria-grow-patrulha-canina\/","title":{"rendered":"Jogo De Mem\u00f3ria &#8211; Grow &#8211; Patrulha Canina"},"content":{"rendered":"<p>Acompanhe Chase, Marshall, Skye e toda a turma em uma superaventura com 108 imagens!<\/p>\n<p>Um jogo de mem\u00f3ria em que a dificuldade e a divers\u00e3o v\u00e3o aumentando \u00e0 medida que v\u00e3o sendo inseridas mais cartelas. Al\u00e9m de entreter, o Super Mem\u00f3ria Patrulha Canina estimula o desenvolvimento da concentra\u00e7\u00e3o, percep\u00e7\u00e3o visual e, claro, de memoriza\u00e7\u00e3o nas crian\u00e7as.<\/p>\n","protected":false},"excerpt":{"rendered":"<p>Acompanhe Chase, Marshall, Skye e toda a turma em uma superaventura com 108 imagens! Um jogo de mem\u00f3ria em que&hellip;<\/p>\n","protected":false},"featured_media":339226,"comment_status":"open","ping_status":"closed","template":"","meta":[],"product_cat":[315,320],"product_tag":[],"_links":{"self":[{"href":"https:\/\/www.livrariarema.com.br\/loja\/wp-json\/wp\/v2\/product\/339227"}],"collection":[{"href":"https:\/\/www.livrariarema.com.br\/loja\/wp-json\/wp\/v2\/product"}],"about":[{"href":"https:\/\/www.livrariarema.com.br\/loja\/wp-json\/wp\/v2\/types\/product"}],"replies":[{"embeddable":true,"href":"https:\/\/www.livrariarema.com.br\/loja\/wp-json\/wp\/v2\/comments?post=339227"}],"wp:featuredmedia":[{"embeddable":true,"href":"https:\/\/www.livrariarema.com.br\/loja\/wp-json\/wp\/v2\/media\/339226"}],"wp:attachment":[{"href":"https:\/\/www.livrariarema.com.br\/loja\/wp-json\/wp\/v2\/media?parent=339227"}],"wp:term":[{"taxonomy":"product_cat","embeddable":true,"href":"https:\/\/www.livrariarema.com.br\/loja\/wp-json\/wp\/v2\/product_cat?post=339227"},{"taxonomy":"product_tag","embeddable":true,"href":"https:\/\/www.livrariarema.com.br\/loja\/wp-json\/wp\/v2\/product_tag?post=339227"}],"curies":[{"name":"wp","href":"https:\/\/api.w.org\/{rel}","templated":true}]}}