{"id":339229,"date":"2025-10-03T10:38:23","date_gmt":"2025-10-03T13:38:23","guid":{"rendered":"https:\/\/www.livrariarema.com.br\/loja\/produtos\/sem categoria\/quebra-cabecas-grow-2000-pecas-estacao-da-luz\/"},"modified":"2025-12-17T11:33:09","modified_gmt":"2025-12-17T14:33:09","slug":"quebra-cabecas-grow-2000-pecas-estacao-da-luz","status":"publish","type":"product","link":"https:\/\/www.livrariarema.com.br\/loja\/produtos\/brinquedos\/quebra-cabecas\/quebra-cabecas-grow-2000-pecas-estacao-da-luz\/","title":{"rendered":"Quebra-Cabe\u00e7as &#8211; Grow &#8211; 2000 Pe\u00e7as &#8211; Esta\u00e7\u00e3o Da Luz"},"content":{"rendered":"<p>Em mar\u00e7o de 1901 era inaugurada a esta\u00e7\u00e3o Ferrovi\u00e1ria da Luz, que viria a se tornar um s\u00edmbolo da cidade de S\u00e3o Paulo. Foi projetada pelo arquiteto Charles Henry Driver, pioneiro no uso de fundi\u00e7\u00e3o e ferro ornamental para constru\u00e7\u00f5es, sua influ\u00eancias podem ser percebidas pelas estruturas que imitam o Big Ben de Londres, com direito a um grande rel\u00f3gio.<br \/>\nNo outro lado do edif\u00edcio , duas torres paralelas e quadradas, no estilo g\u00f3tico, remetem \u00e0 Abadia de Westminster, a igreja de Londres onde os monarcas s\u00e3o coroados.<br \/>\nMilhares de pessoas de todas as classes e pa\u00edses j\u00e1 passaram pelas suas depend\u00eancias e se impactaram com essa obra que \u00e9 um peda\u00e7o da hist\u00f3ria do Brasil.<\/p>\n<p>Dimens\u00f5es aproximadas da imagem: 70,4 x 97,8 cm<br \/>\nCont\u00e9m 2000 pe\u00e7as<\/p>\n","protected":false},"excerpt":{"rendered":"<p>Em mar\u00e7o de 1901 era inaugurada a esta\u00e7\u00e3o Ferrovi\u00e1ria da Luz, que viria a se tornar um s\u00edmbolo da cidade&hellip;<\/p>\n","protected":false},"featured_media":339228,"comment_status":"open","ping_status":"closed","template":"","meta":[],"product_cat":[315,321],"product_tag":[],"_links":{"self":[{"href":"https:\/\/www.livrariarema.com.br\/loja\/wp-json\/wp\/v2\/product\/339229"}],"collection":[{"href":"https:\/\/www.livrariarema.com.br\/loja\/wp-json\/wp\/v2\/product"}],"about":[{"href":"https:\/\/www.livrariarema.com.br\/loja\/wp-json\/wp\/v2\/types\/product"}],"replies":[{"embeddable":true,"href":"https:\/\/www.livrariarema.com.br\/loja\/wp-json\/wp\/v2\/comments?post=339229"}],"wp:featuredmedia":[{"embeddable":true,"href":"https:\/\/www.livrariarema.com.br\/loja\/wp-json\/wp\/v2\/media\/339228"}],"wp:attachment":[{"href":"https:\/\/www.livrariarema.com.br\/loja\/wp-json\/wp\/v2\/media?parent=339229"}],"wp:term":[{"taxonomy":"product_cat","embeddable":true,"href":"https:\/\/www.livrariarema.com.br\/loja\/wp-json\/wp\/v2\/product_cat?post=339229"},{"taxonomy":"product_tag","embeddable":true,"href":"https:\/\/www.livrariarema.com.br\/loja\/wp-json\/wp\/v2\/product_tag?post=339229"}],"curies":[{"name":"wp","href":"https:\/\/api.w.org\/{rel}","templated":true}]}}