{"id":339237,"date":"2025-10-03T10:38:51","date_gmt":"2025-10-03T13:38:51","guid":{"rendered":"https:\/\/www.livrariarema.com.br\/loja\/produtos\/sem categoria\/quebra-cabecas-grow-200-pecas-horarios-do-mundo\/"},"modified":"2025-12-13T11:51:09","modified_gmt":"2025-12-13T14:51:09","slug":"quebra-cabecas-grow-200-pecas-horarios-do-mundo","status":"publish","type":"product","link":"https:\/\/www.livrariarema.com.br\/loja\/produtos\/brinquedos\/quebra-cabecas\/quebra-cabecas-grow-200-pecas-horarios-do-mundo\/","title":{"rendered":"Quebra-Cabe\u00e7as &#8211; Grow &#8211; 200 Pe\u00e7as &#8211; Hor\u00e1rios Do Mundo"},"content":{"rendered":"<p>Hor\u00e1rios do Mundo \u00e9 um quebra-cabe\u00e7a para aprender e se divertir! Possui 200 pe\u00e7as que se encaixam e formam o mapa-m\u00fandi, dividido por cores de acordo com os fusos hor\u00e1rios do mundo. \u00c9 um quebra-cabe\u00e7a did\u00e1tico, que al\u00e9m de superdivertido, introduz esse conceito \u00e0s crian\u00e7as. Mais que um passatempo divertido, os quebra-cabe\u00e7as desenvolvem o racioc\u00ednio, relaxam e se transformam num aut\u00eantico hobby. <br \/>\nQuantidade de pe\u00e7as: 200 <br \/>\nTamanho aproximado do quebra-cabe\u00e7a montado: 30,5 x 45,3 cm <br \/>\nIdade: a partir de 7 anos<\/p>\n","protected":false},"excerpt":{"rendered":"<p>Hor\u00e1rios do Mundo \u00e9 um quebra-cabe\u00e7a para aprender e se divertir! Possui 200 pe\u00e7as que se encaixam e formam o&hellip;<\/p>\n","protected":false},"featured_media":339236,"comment_status":"open","ping_status":"closed","template":"","meta":[],"product_cat":[315,321],"product_tag":[],"_links":{"self":[{"href":"https:\/\/www.livrariarema.com.br\/loja\/wp-json\/wp\/v2\/product\/339237"}],"collection":[{"href":"https:\/\/www.livrariarema.com.br\/loja\/wp-json\/wp\/v2\/product"}],"about":[{"href":"https:\/\/www.livrariarema.com.br\/loja\/wp-json\/wp\/v2\/types\/product"}],"replies":[{"embeddable":true,"href":"https:\/\/www.livrariarema.com.br\/loja\/wp-json\/wp\/v2\/comments?post=339237"}],"wp:featuredmedia":[{"embeddable":true,"href":"https:\/\/www.livrariarema.com.br\/loja\/wp-json\/wp\/v2\/media\/339236"}],"wp:attachment":[{"href":"https:\/\/www.livrariarema.com.br\/loja\/wp-json\/wp\/v2\/media?parent=339237"}],"wp:term":[{"taxonomy":"product_cat","embeddable":true,"href":"https:\/\/www.livrariarema.com.br\/loja\/wp-json\/wp\/v2\/product_cat?post=339237"},{"taxonomy":"product_tag","embeddable":true,"href":"https:\/\/www.livrariarema.com.br\/loja\/wp-json\/wp\/v2\/product_tag?post=339237"}],"curies":[{"name":"wp","href":"https:\/\/api.w.org\/{rel}","templated":true}]}}