{"id":339241,"date":"2025-10-03T10:39:13","date_gmt":"2025-10-03T13:39:13","guid":{"rendered":"https:\/\/www.livrariarema.com.br\/loja\/produtos\/sem categoria\/quebra-cabecas-grow-1000-pecas-praga\/"},"modified":"2026-01-27T12:20:57","modified_gmt":"2026-01-27T15:20:57","slug":"quebra-cabecas-grow-1000-pecas-praga","status":"publish","type":"product","link":"https:\/\/www.livrariarema.com.br\/loja\/produtos\/brinquedos\/quebra-cabecas\/quebra-cabecas-grow-1000-pecas-praga\/","title":{"rendered":"Quebra-Cabe\u00e7as &#8211; Grow &#8211; 1000 Pe\u00e7as &#8211; Praga"},"content":{"rendered":"<p>Um cen\u00e1rio com hist\u00f3ria em casa pedra e arte em cada curva.<\/p>\n<p>Praga encanta com sua alma bo\u00eamia, seu charme rom\u00e2ntico e sua atmosfera m\u00e1gica. Uma verdadeira joia do Leste Europeu!<\/p>\n<p>Tamanho da Imagem: 69,7 x 49,7 cm<\/p>\n","protected":false},"excerpt":{"rendered":"<p>Um cen\u00e1rio com hist\u00f3ria em casa pedra e arte em cada curva. Praga encanta com sua alma bo\u00eamia, seu charme&hellip;<\/p>\n","protected":false},"featured_media":339240,"comment_status":"open","ping_status":"closed","template":"","meta":[],"product_cat":[315,321],"product_tag":[],"_links":{"self":[{"href":"https:\/\/www.livrariarema.com.br\/loja\/wp-json\/wp\/v2\/product\/339241"}],"collection":[{"href":"https:\/\/www.livrariarema.com.br\/loja\/wp-json\/wp\/v2\/product"}],"about":[{"href":"https:\/\/www.livrariarema.com.br\/loja\/wp-json\/wp\/v2\/types\/product"}],"replies":[{"embeddable":true,"href":"https:\/\/www.livrariarema.com.br\/loja\/wp-json\/wp\/v2\/comments?post=339241"}],"wp:featuredmedia":[{"embeddable":true,"href":"https:\/\/www.livrariarema.com.br\/loja\/wp-json\/wp\/v2\/media\/339240"}],"wp:attachment":[{"href":"https:\/\/www.livrariarema.com.br\/loja\/wp-json\/wp\/v2\/media?parent=339241"}],"wp:term":[{"taxonomy":"product_cat","embeddable":true,"href":"https:\/\/www.livrariarema.com.br\/loja\/wp-json\/wp\/v2\/product_cat?post=339241"},{"taxonomy":"product_tag","embeddable":true,"href":"https:\/\/www.livrariarema.com.br\/loja\/wp-json\/wp\/v2\/product_tag?post=339241"}],"curies":[{"name":"wp","href":"https:\/\/api.w.org\/{rel}","templated":true}]}}