{"id":339243,"date":"2025-10-03T10:39:19","date_gmt":"2025-10-03T13:39:19","guid":{"rendered":"https:\/\/www.livrariarema.com.br\/loja\/produtos\/sem categoria\/quebra-cabecas-grow-500-pecas-cafe-em-paris\/"},"modified":"2025-10-03T10:39:23","modified_gmt":"2025-10-03T13:39:23","slug":"quebra-cabecas-grow-500-pecas-cafe-em-paris","status":"publish","type":"product","link":"https:\/\/www.livrariarema.com.br\/loja\/produtos\/brinquedos\/quebra-cabecas\/quebra-cabecas-grow-500-pecas-cafe-em-paris\/","title":{"rendered":"Quebra-Cabe\u00e7as &#8211; Grow &#8211; 500 Pe\u00e7as &#8211; Caf\u00e9 Em Paris"},"content":{"rendered":"<p>A Grow \u00e9 pioneira e refer\u00eancia em quebra-cabe\u00e7as no Brasil, desde 1977. A montagem de um quebra-cabe\u00e7a, por passatempo ou por hobby, traz momentos de alegria a cada pe\u00e7a encaixada. Aos poucos, um peda\u00e7o do mundo vai se formando e, em pouco tempo, uma paisagem maravilhosa est\u00e1 completa!<\/p>\n<p>A partir de 10 anos<\/p>\n<p>Quantidade de pe\u00e7as: 500<br \/>\nTamanho da imagem: 49,5 x 36,5 cm aproximadamente<\/p>\n","protected":false},"excerpt":{"rendered":"<p>A Grow \u00e9 pioneira e refer\u00eancia em quebra-cabe\u00e7as no Brasil, desde 1977. A montagem de um quebra-cabe\u00e7a, por passatempo ou&hellip;<\/p>\n","protected":false},"featured_media":339242,"comment_status":"open","ping_status":"closed","template":"","meta":[],"product_cat":[315,321],"product_tag":[],"_links":{"self":[{"href":"https:\/\/www.livrariarema.com.br\/loja\/wp-json\/wp\/v2\/product\/339243"}],"collection":[{"href":"https:\/\/www.livrariarema.com.br\/loja\/wp-json\/wp\/v2\/product"}],"about":[{"href":"https:\/\/www.livrariarema.com.br\/loja\/wp-json\/wp\/v2\/types\/product"}],"replies":[{"embeddable":true,"href":"https:\/\/www.livrariarema.com.br\/loja\/wp-json\/wp\/v2\/comments?post=339243"}],"wp:featuredmedia":[{"embeddable":true,"href":"https:\/\/www.livrariarema.com.br\/loja\/wp-json\/wp\/v2\/media\/339242"}],"wp:attachment":[{"href":"https:\/\/www.livrariarema.com.br\/loja\/wp-json\/wp\/v2\/media?parent=339243"}],"wp:term":[{"taxonomy":"product_cat","embeddable":true,"href":"https:\/\/www.livrariarema.com.br\/loja\/wp-json\/wp\/v2\/product_cat?post=339243"},{"taxonomy":"product_tag","embeddable":true,"href":"https:\/\/www.livrariarema.com.br\/loja\/wp-json\/wp\/v2\/product_tag?post=339243"}],"curies":[{"name":"wp","href":"https:\/\/api.w.org\/{rel}","templated":true}]}}