{"id":339245,"date":"2025-10-03T10:39:27","date_gmt":"2025-10-03T13:39:27","guid":{"rendered":"https:\/\/www.livrariarema.com.br\/loja\/produtos\/sem categoria\/quebra-cabecas-grow-200-pecas-bandeiras-pelo-mundo\/"},"modified":"2026-01-03T11:41:57","modified_gmt":"2026-01-03T14:41:57","slug":"quebra-cabecas-grow-200-pecas-bandeiras-pelo-mundo","status":"publish","type":"product","link":"https:\/\/www.livrariarema.com.br\/loja\/produtos\/brinquedos\/quebra-cabecas\/quebra-cabecas-grow-200-pecas-bandeiras-pelo-mundo\/","title":{"rendered":"Quebra-Cabe\u00e7as &#8211; Grow &#8211; 200 Pe\u00e7as &#8211; Bandeiras Pelo Mundo"},"content":{"rendered":"<p>Bandeiras do Mundo \u00e9 um quebra-cabe\u00e7a para aprender e se divertir! Possui 200 pe\u00e7as que se encaixam e formam os pa\u00edses membros da ONU &#8211; 2020. \u00c9 um quebra-cabe\u00e7a did\u00e1tico, que al\u00e9m de superdivertido, introduz esse conceito \u00e0s crian\u00e7as.<\/p>\n<p>Mais que um passatempo divertido, os quebra-cabe\u00e7as desenvolvem o racioc\u00ednio, relaxam e se transformam num aut\u00eantico hobby.<\/p>\n<p>Quantidade de pe\u00e7as: 200<br \/>\nTamanho aproximado do quebra-cabe\u00e7a montado: 30,5 x 45,3 cm<br \/>\nIdade: a partir de 7 anos<\/p>\n","protected":false},"excerpt":{"rendered":"<p>Bandeiras do Mundo \u00e9 um quebra-cabe\u00e7a para aprender e se divertir! Possui 200 pe\u00e7as que se encaixam e formam os&hellip;<\/p>\n","protected":false},"featured_media":339244,"comment_status":"open","ping_status":"closed","template":"","meta":[],"product_cat":[315,321],"product_tag":[],"_links":{"self":[{"href":"https:\/\/www.livrariarema.com.br\/loja\/wp-json\/wp\/v2\/product\/339245"}],"collection":[{"href":"https:\/\/www.livrariarema.com.br\/loja\/wp-json\/wp\/v2\/product"}],"about":[{"href":"https:\/\/www.livrariarema.com.br\/loja\/wp-json\/wp\/v2\/types\/product"}],"replies":[{"embeddable":true,"href":"https:\/\/www.livrariarema.com.br\/loja\/wp-json\/wp\/v2\/comments?post=339245"}],"wp:featuredmedia":[{"embeddable":true,"href":"https:\/\/www.livrariarema.com.br\/loja\/wp-json\/wp\/v2\/media\/339244"}],"wp:attachment":[{"href":"https:\/\/www.livrariarema.com.br\/loja\/wp-json\/wp\/v2\/media?parent=339245"}],"wp:term":[{"taxonomy":"product_cat","embeddable":true,"href":"https:\/\/www.livrariarema.com.br\/loja\/wp-json\/wp\/v2\/product_cat?post=339245"},{"taxonomy":"product_tag","embeddable":true,"href":"https:\/\/www.livrariarema.com.br\/loja\/wp-json\/wp\/v2\/product_tag?post=339245"}],"curies":[{"name":"wp","href":"https:\/\/api.w.org\/{rel}","templated":true}]}}