{"id":339251,"date":"2025-10-03T10:39:46","date_gmt":"2025-10-03T13:39:46","guid":{"rendered":"https:\/\/www.livrariarema.com.br\/loja\/produtos\/sem categoria\/quebra-cabecas-grow-2000-pecas-a-livraria\/"},"modified":"2026-01-31T10:10:22","modified_gmt":"2026-01-31T13:10:22","slug":"quebra-cabecas-grow-2000-pecas-a-livraria","status":"publish","type":"product","link":"https:\/\/www.livrariarema.com.br\/loja\/produtos\/brinquedos\/quebra-cabecas\/quebra-cabecas-grow-2000-pecas-a-livraria\/","title":{"rendered":"Quebra-Cabe\u00e7as &#8211; Grow &#8211; 2000 Pe\u00e7as &#8211; A Livraria"},"content":{"rendered":"<p>A riqueza que h\u00e1 numa livraria se divide entre os diversos conte\u00fados e conhecimentos que est\u00e3o dentro de cada livro e o visual do local em si, tornando a experi\u00eancia da visita\u00e7\u00e3o ainda mais interessante.<br \/>\nUma livraria com ambientes que lembram uma casa, como esta que vemos na imagem, passa a sensa\u00e7\u00e3o de acolhimento e aconchego, como se fizesse parte do nosso lar.<br \/>\nOs tapetes, uma escada com os livros nos cantos e uma mesinha de centro faz parecer que o local n\u00e3o \u00e9 apenas um com\u00e9rcio, e os livros n\u00e3o s\u00e3o apenas produtos, mas tamb\u00e9m decora\u00e7\u00f5es do ambiente.<br \/>\nCada pe\u00e7a deste quebra-cabe\u00e7a \u00e9 especial e tem um conte\u00fado diferente. Todas as pe\u00e7as juntas fazem desta livraria um mundo repleto de sabedoria!<\/p>\n<p>Dimens\u00f5es aproximadas da imagem: 70,4 x 97,8 cm<br \/>\nCont\u00e9m 2000 pe\u00e7as<\/p>\n","protected":false},"excerpt":{"rendered":"<p>A riqueza que h\u00e1 numa livraria se divide entre os diversos conte\u00fados e conhecimentos que est\u00e3o dentro de cada livro&hellip;<\/p>\n","protected":false},"featured_media":339250,"comment_status":"open","ping_status":"closed","template":"","meta":[],"product_cat":[315,321],"product_tag":[],"_links":{"self":[{"href":"https:\/\/www.livrariarema.com.br\/loja\/wp-json\/wp\/v2\/product\/339251"}],"collection":[{"href":"https:\/\/www.livrariarema.com.br\/loja\/wp-json\/wp\/v2\/product"}],"about":[{"href":"https:\/\/www.livrariarema.com.br\/loja\/wp-json\/wp\/v2\/types\/product"}],"replies":[{"embeddable":true,"href":"https:\/\/www.livrariarema.com.br\/loja\/wp-json\/wp\/v2\/comments?post=339251"}],"wp:featuredmedia":[{"embeddable":true,"href":"https:\/\/www.livrariarema.com.br\/loja\/wp-json\/wp\/v2\/media\/339250"}],"wp:attachment":[{"href":"https:\/\/www.livrariarema.com.br\/loja\/wp-json\/wp\/v2\/media?parent=339251"}],"wp:term":[{"taxonomy":"product_cat","embeddable":true,"href":"https:\/\/www.livrariarema.com.br\/loja\/wp-json\/wp\/v2\/product_cat?post=339251"},{"taxonomy":"product_tag","embeddable":true,"href":"https:\/\/www.livrariarema.com.br\/loja\/wp-json\/wp\/v2\/product_tag?post=339251"}],"curies":[{"name":"wp","href":"https:\/\/api.w.org\/{rel}","templated":true}]}}