{"id":339253,"date":"2025-10-03T10:39:51","date_gmt":"2025-10-03T13:39:51","guid":{"rendered":"https:\/\/www.livrariarema.com.br\/loja\/produtos\/sem categoria\/quebra-cabecas-grow-3000-pecas-a-princesa\/"},"modified":"2026-03-31T13:51:43","modified_gmt":"2026-03-31T16:51:43","slug":"quebra-cabecas-grow-3000-pecas-a-princesa","status":"publish","type":"product","link":"https:\/\/www.livrariarema.com.br\/loja\/produtos\/brinquedos\/quebra-cabecas\/quebra-cabecas-grow-3000-pecas-a-princesa\/","title":{"rendered":"Quebra-Cabe\u00e7as &#8211; Grow &#8211; 3000 Pe\u00e7as &#8211; A Princesa"},"content":{"rendered":"<p>O que se passa na cabe\u00e7a de uma princesa solit\u00e1ria em plena luz do dia em sua magn\u00edfica mans\u00e3o?<\/p>\n<p>Ser\u00e1 que ela est\u00e1 triste? Preocupada? Disfar\u00e7ando uma alegria ou escondendo uma euforia?<\/p>\n<p>Parece que ela saiu por algum tempo de sua linda sala, decorada com m\u00f3veis luxuosos, pe\u00e7as de muito bom gosto e flores de v\u00e1rias esp\u00e9cies, para respirar o ar puro do jardim.<\/p>\n<p>Perante alguns detalhes, podemos pensar que ela escrevia uma carta e algu\u00e9m e n\u00e3o estava conseguindo concluir. E a bebida no centro da sala&#8230; Ser\u00e1 que pode indicar algo?<\/p>\n<p>Monte as 3 mil pe\u00e7as deste enigm\u00e1tico quebra-cabe\u00e7a e tire as suas pr\u00f3prias conclus\u00f5es!<\/p>\n<p>Idade: A partir de 14 anos<br \/>\nN\u00famero de pe\u00e7as: 3000<br \/>\nDimens\u00f5es em cent\u00edmetros: 76,7 x 121,0 cm<\/p>\n","protected":false},"excerpt":{"rendered":"<p>O que se passa na cabe\u00e7a de uma princesa solit\u00e1ria em plena luz do dia em sua magn\u00edfica mans\u00e3o? Ser\u00e1&hellip;<\/p>\n","protected":false},"featured_media":339252,"comment_status":"open","ping_status":"closed","template":"","meta":[],"product_cat":[315,321],"product_tag":[],"_links":{"self":[{"href":"https:\/\/www.livrariarema.com.br\/loja\/wp-json\/wp\/v2\/product\/339253"}],"collection":[{"href":"https:\/\/www.livrariarema.com.br\/loja\/wp-json\/wp\/v2\/product"}],"about":[{"href":"https:\/\/www.livrariarema.com.br\/loja\/wp-json\/wp\/v2\/types\/product"}],"replies":[{"embeddable":true,"href":"https:\/\/www.livrariarema.com.br\/loja\/wp-json\/wp\/v2\/comments?post=339253"}],"wp:featuredmedia":[{"embeddable":true,"href":"https:\/\/www.livrariarema.com.br\/loja\/wp-json\/wp\/v2\/media\/339252"}],"wp:attachment":[{"href":"https:\/\/www.livrariarema.com.br\/loja\/wp-json\/wp\/v2\/media?parent=339253"}],"wp:term":[{"taxonomy":"product_cat","embeddable":true,"href":"https:\/\/www.livrariarema.com.br\/loja\/wp-json\/wp\/v2\/product_cat?post=339253"},{"taxonomy":"product_tag","embeddable":true,"href":"https:\/\/www.livrariarema.com.br\/loja\/wp-json\/wp\/v2\/product_tag?post=339253"}],"curies":[{"name":"wp","href":"https:\/\/api.w.org\/{rel}","templated":true}]}}