{"id":339257,"date":"2025-10-03T10:40:17","date_gmt":"2025-10-03T13:40:17","guid":{"rendered":"https:\/\/www.livrariarema.com.br\/loja\/produtos\/sem categoria\/quebra-cabecas-grow-48-pecas-gigante-dinossauros\/"},"modified":"2025-10-03T10:40:19","modified_gmt":"2025-10-03T13:40:19","slug":"quebra-cabecas-grow-48-pecas-gigante-dinossauros","status":"publish","type":"product","link":"https:\/\/www.livrariarema.com.br\/loja\/produtos\/brinquedos\/quebra-cabecas\/quebra-cabecas-grow-48-pecas-gigante-dinossauros\/","title":{"rendered":"Quebra-Cabe\u00e7as &#8211; Grow &#8211; 48 Pe\u00e7as &#8211; Gigante &#8211; Dinossauros"},"content":{"rendered":"<p>A Grow traz para as crian\u00e7as os quebra-cabe\u00e7as com fant\u00e1stica imagem de Dinossauro para a crian\u00e7a aproveitar cada momento. O quebra-cabe\u00e7a Gigante \u00e9 composto por 48 pe\u00e7as grandes para encaixar uma a uma at\u00e9 formar uma fant\u00e1stica imagem. Mais que um passatempo divertido, os quebra-cabe\u00e7as desenvolvem o racioc\u00ednio, relaxam e se transformam num aut\u00eantico hobby.<\/p>\n<p>A partir de 4 anos<br \/>\nCont\u00e9m 48 pe\u00e7as &#8211; material: papel-cart\u00e3o<br \/>\nTamanho quebra-cabe\u00e7a montado: 64,5 x 45,7 cm<br \/>\nPe\u00e7a gigante aproximadamente: 10,0 x 8,0 cm<\/p>\n","protected":false},"excerpt":{"rendered":"<p>A Grow traz para as crian\u00e7as os quebra-cabe\u00e7as com fant\u00e1stica imagem de Dinossauro para a crian\u00e7a aproveitar cada momento. O&hellip;<\/p>\n","protected":false},"featured_media":339256,"comment_status":"open","ping_status":"closed","template":"","meta":[],"product_cat":[315,321],"product_tag":[],"_links":{"self":[{"href":"https:\/\/www.livrariarema.com.br\/loja\/wp-json\/wp\/v2\/product\/339257"}],"collection":[{"href":"https:\/\/www.livrariarema.com.br\/loja\/wp-json\/wp\/v2\/product"}],"about":[{"href":"https:\/\/www.livrariarema.com.br\/loja\/wp-json\/wp\/v2\/types\/product"}],"replies":[{"embeddable":true,"href":"https:\/\/www.livrariarema.com.br\/loja\/wp-json\/wp\/v2\/comments?post=339257"}],"wp:featuredmedia":[{"embeddable":true,"href":"https:\/\/www.livrariarema.com.br\/loja\/wp-json\/wp\/v2\/media\/339256"}],"wp:attachment":[{"href":"https:\/\/www.livrariarema.com.br\/loja\/wp-json\/wp\/v2\/media?parent=339257"}],"wp:term":[{"taxonomy":"product_cat","embeddable":true,"href":"https:\/\/www.livrariarema.com.br\/loja\/wp-json\/wp\/v2\/product_cat?post=339257"},{"taxonomy":"product_tag","embeddable":true,"href":"https:\/\/www.livrariarema.com.br\/loja\/wp-json\/wp\/v2\/product_tag?post=339257"}],"curies":[{"name":"wp","href":"https:\/\/api.w.org\/{rel}","templated":true}]}}