{"id":339259,"date":"2025-10-03T10:40:27","date_gmt":"2025-10-03T13:40:27","guid":{"rendered":"https:\/\/www.livrariarema.com.br\/loja\/produtos\/sem categoria\/quebra-cabecas-grow-1000-pecas-filhotes-brincando\/"},"modified":"2025-12-04T11:31:10","modified_gmt":"2025-12-04T14:31:10","slug":"quebra-cabecas-grow-1000-pecas-filhotes-brincando","status":"publish","type":"product","link":"https:\/\/www.livrariarema.com.br\/loja\/produtos\/brinquedos\/quebra-cabecas\/quebra-cabecas-grow-1000-pecas-filhotes-brincando\/","title":{"rendered":"Quebra-Cabe\u00e7as &#8211; Grow &#8211; 1000 Pe\u00e7as &#8211; Filhotes Brincando"},"content":{"rendered":"<p>odos os dias os moradores do quarteir\u00e3o s\u00e3o presenteados pela alegria e fofura de alguns cachorrinhos que amam passear pela vizinhan\u00e7a.<Br><br \/>\n<Br><br \/>\nOs labradores que vemos na ilustra\u00e7\u00e3o vivem nesta casa e adoram uma bagun\u00e7a. Por isso s\u00e3o sempre bem receptivos com os filhotes de outras ra\u00e7as.<Br><br \/>\n<Br><br \/>\nO objetivo \u00e9 muito simples: brincar e bagun\u00e7ar pra valer na varanda, ao mesmo tempo em que tomam um delicioso sol de primavera.<Br><br \/>\n<Br><br \/>\nEntre voc\u00ea tamb\u00e9m nesta divertida reuni\u00e3o e monte cada uma das pe\u00e7as dos Filhotes Brincando!<Br><br \/>\n<Br><br \/>\nA partir de 10 anos<Br><br \/>\nQuantidade de pe\u00e7as: 1008<Br><br \/>\nDimens\u00f5es aproximadas: 50 x 70 cm<Br><\/p>\n","protected":false},"excerpt":{"rendered":"<p>odos os dias os moradores do quarteir\u00e3o s\u00e3o presenteados pela alegria e fofura de alguns cachorrinhos que amam passear pela&hellip;<\/p>\n","protected":false},"featured_media":339258,"comment_status":"open","ping_status":"closed","template":"","meta":[],"product_cat":[315,321],"product_tag":[],"_links":{"self":[{"href":"https:\/\/www.livrariarema.com.br\/loja\/wp-json\/wp\/v2\/product\/339259"}],"collection":[{"href":"https:\/\/www.livrariarema.com.br\/loja\/wp-json\/wp\/v2\/product"}],"about":[{"href":"https:\/\/www.livrariarema.com.br\/loja\/wp-json\/wp\/v2\/types\/product"}],"replies":[{"embeddable":true,"href":"https:\/\/www.livrariarema.com.br\/loja\/wp-json\/wp\/v2\/comments?post=339259"}],"wp:featuredmedia":[{"embeddable":true,"href":"https:\/\/www.livrariarema.com.br\/loja\/wp-json\/wp\/v2\/media\/339258"}],"wp:attachment":[{"href":"https:\/\/www.livrariarema.com.br\/loja\/wp-json\/wp\/v2\/media?parent=339259"}],"wp:term":[{"taxonomy":"product_cat","embeddable":true,"href":"https:\/\/www.livrariarema.com.br\/loja\/wp-json\/wp\/v2\/product_cat?post=339259"},{"taxonomy":"product_tag","embeddable":true,"href":"https:\/\/www.livrariarema.com.br\/loja\/wp-json\/wp\/v2\/product_tag?post=339259"}],"curies":[{"name":"wp","href":"https:\/\/api.w.org\/{rel}","templated":true}]}}