{"id":339269,"date":"2025-10-03T10:41:10","date_gmt":"2025-10-03T13:41:10","guid":{"rendered":"https:\/\/www.livrariarema.com.br\/loja\/produtos\/sem categoria\/quebra-cabecas-grow-200-pecas-selfie-animais\/"},"modified":"2025-10-03T10:41:12","modified_gmt":"2025-10-03T13:41:12","slug":"quebra-cabecas-grow-200-pecas-selfie-animais","status":"publish","type":"product","link":"https:\/\/www.livrariarema.com.br\/loja\/produtos\/brinquedos\/quebra-cabecas\/quebra-cabecas-grow-200-pecas-selfie-animais\/","title":{"rendered":"Quebra-Cabe\u00e7as &#8211; Grow &#8211; 200 Pe\u00e7as &#8211; Selfie Animais"},"content":{"rendered":"<p>Prepare-se para um quebra-cabe\u00e7a repleto de divers\u00e3o e surpresas, Selfie Animais!<\/p>\n<p>Composto por 200 pe\u00e7as, esse emocionante quebra-cabe\u00e7a apresenta uma cena in\u00e9dita &#8211; um grupo de animais, incluindo le\u00e3o, tigre, urso, panda, elefante, e muitos outros&#8230; todos juntos, posando para uma selfie e proporcionando momentos de alegria enquanto voc\u00ea monta essa imagem encantadora!<\/p>\n<p>Quantidade de pe\u00e7as: 200<br \/>\nTamanho aproximado do quebra-cabe\u00e7a montado: 30,5 x 45,3 cm<br \/>\nIdade: a partir de 7 anos<\/p>\n","protected":false},"excerpt":{"rendered":"<p>Prepare-se para um quebra-cabe\u00e7a repleto de divers\u00e3o e surpresas, Selfie Animais! Composto por 200 pe\u00e7as, esse emocionante quebra-cabe\u00e7a apresenta uma&hellip;<\/p>\n","protected":false},"featured_media":339268,"comment_status":"open","ping_status":"closed","template":"","meta":[],"product_cat":[315,321],"product_tag":[],"_links":{"self":[{"href":"https:\/\/www.livrariarema.com.br\/loja\/wp-json\/wp\/v2\/product\/339269"}],"collection":[{"href":"https:\/\/www.livrariarema.com.br\/loja\/wp-json\/wp\/v2\/product"}],"about":[{"href":"https:\/\/www.livrariarema.com.br\/loja\/wp-json\/wp\/v2\/types\/product"}],"replies":[{"embeddable":true,"href":"https:\/\/www.livrariarema.com.br\/loja\/wp-json\/wp\/v2\/comments?post=339269"}],"wp:featuredmedia":[{"embeddable":true,"href":"https:\/\/www.livrariarema.com.br\/loja\/wp-json\/wp\/v2\/media\/339268"}],"wp:attachment":[{"href":"https:\/\/www.livrariarema.com.br\/loja\/wp-json\/wp\/v2\/media?parent=339269"}],"wp:term":[{"taxonomy":"product_cat","embeddable":true,"href":"https:\/\/www.livrariarema.com.br\/loja\/wp-json\/wp\/v2\/product_cat?post=339269"},{"taxonomy":"product_tag","embeddable":true,"href":"https:\/\/www.livrariarema.com.br\/loja\/wp-json\/wp\/v2\/product_tag?post=339269"}],"curies":[{"name":"wp","href":"https:\/\/api.w.org\/{rel}","templated":true}]}}