{"id":339281,"date":"2025-10-03T10:42:05","date_gmt":"2025-10-03T13:42:05","guid":{"rendered":"https:\/\/www.livrariarema.com.br\/loja\/produtos\/sem categoria\/quebra-cabecas-grow-1000-pecas-era-uma-vez\/"},"modified":"2026-03-18T16:20:57","modified_gmt":"2026-03-18T19:20:57","slug":"quebra-cabecas-grow-1000-pecas-era-uma-vez","status":"publish","type":"product","link":"https:\/\/www.livrariarema.com.br\/loja\/produtos\/brinquedos\/quebra-cabecas\/quebra-cabecas-grow-1000-pecas-era-uma-vez\/","title":{"rendered":"Quebra-Cabe\u00e7as &#8211; Grow &#8211; 1000 Pe\u00e7as &#8211; Era Uma Vez"},"content":{"rendered":"<p>Entre na magia da floresta e junte-se aos animais enquanto a s\u00e1bia coruja compartilha contos encantadores!<\/p>\n<p>A partir de 10 anos<\/p>\n<p>Quantidade de pe\u00e7as: 1008<br \/>\nDimens\u00f5es aproximadas da imagem: 50 x 70 cm<\/p>\n<p>Dicas para montagem:<br \/>\n1. Confira o n\u00famero de pe\u00e7as com a informa\u00e7\u00e3o existente na embalagem.<br \/>\n2. Providencie uma base (papel\u00e3o ou madeira) um pouco maior que a imagem a ser montada. As dimens\u00f5es da imagem podem variar em at\u00e9 1%.<br \/>\n3. Separe as pe\u00e7as com cantos retos e monte, sobre a base, toda a borda da imagem a ser montada.<br \/>\n4. Separe as demais pe\u00e7as, agrupando-as pelas cores, para facilitar a sua localiza\u00e7\u00e3o.<br \/>\n5. Quando chegar a uma \u00e1rea com muitas pe\u00e7as da mesma cor, separe-as pelo formato.<br \/>\n6. Mantenha o quebra cabe\u00e7a em lugar plano, enquanto estiver fazendo a montagem.<br \/>\n7. Depois de montar, certifique-se de que todas as pe\u00e7as est\u00e3o bem encaixadas, e nos lugares corretos.<\/p>\n","protected":false},"excerpt":{"rendered":"<p>Entre na magia da floresta e junte-se aos animais enquanto a s\u00e1bia coruja compartilha contos encantadores! A partir de 10&hellip;<\/p>\n","protected":false},"featured_media":339280,"comment_status":"open","ping_status":"closed","template":"","meta":[],"product_cat":[315,321],"product_tag":[],"_links":{"self":[{"href":"https:\/\/www.livrariarema.com.br\/loja\/wp-json\/wp\/v2\/product\/339281"}],"collection":[{"href":"https:\/\/www.livrariarema.com.br\/loja\/wp-json\/wp\/v2\/product"}],"about":[{"href":"https:\/\/www.livrariarema.com.br\/loja\/wp-json\/wp\/v2\/types\/product"}],"replies":[{"embeddable":true,"href":"https:\/\/www.livrariarema.com.br\/loja\/wp-json\/wp\/v2\/comments?post=339281"}],"wp:featuredmedia":[{"embeddable":true,"href":"https:\/\/www.livrariarema.com.br\/loja\/wp-json\/wp\/v2\/media\/339280"}],"wp:attachment":[{"href":"https:\/\/www.livrariarema.com.br\/loja\/wp-json\/wp\/v2\/media?parent=339281"}],"wp:term":[{"taxonomy":"product_cat","embeddable":true,"href":"https:\/\/www.livrariarema.com.br\/loja\/wp-json\/wp\/v2\/product_cat?post=339281"},{"taxonomy":"product_tag","embeddable":true,"href":"https:\/\/www.livrariarema.com.br\/loja\/wp-json\/wp\/v2\/product_tag?post=339281"}],"curies":[{"name":"wp","href":"https:\/\/api.w.org\/{rel}","templated":true}]}}