{"id":339285,"date":"2025-10-03T10:42:17","date_gmt":"2025-10-03T13:42:17","guid":{"rendered":"https:\/\/www.livrariarema.com.br\/loja\/produtos\/sem categoria\/quebra-cabecas-grow-500-pecas-mini-estrada-com-cipreste-e-estrela-van-gogh\/"},"modified":"2026-02-27T13:01:56","modified_gmt":"2026-02-27T16:01:56","slug":"quebra-cabecas-grow-500-pecas-mini-estrada-com-cipreste-e-estrela-van-gogh","status":"publish","type":"product","link":"https:\/\/www.livrariarema.com.br\/loja\/produtos\/brinquedos\/quebra-cabecas\/quebra-cabecas-grow-500-pecas-mini-estrada-com-cipreste-e-estrela-van-gogh\/","title":{"rendered":"Quebra-Cabe\u00e7as &#8211; Grow &#8211; 500 Pe\u00e7as &#8211; Mini &#8211; Estrada Com Cipreste E Estrela &#8211; Van Gogh"},"content":{"rendered":"<p>O quebra-cabe\u00e7a com minipe\u00e7as Estrada com Ciprestes e Estrela, traz uma inspiradora arte do artista holand\u00eas Vincent van Gogh. Esta foi sua \u00faltima pintura antes de deixar o asilo Saint-R\u00e9my de Provence (Fran\u00e7a), em que esteve internado em maio de 1890 e \u00e9 uma das mais populares.<\/p>\n<p>A tela traz um cipreste muito alto que se estende para fora da pintura. Van Gogh era fascinado por ciprestes, tanto que usou como tema em muitas de suas pinturas, que refor\u00e7a seu amo pela natureza. O artista descreveu a pintura, entre outras palavras, como um c\u00e9u noturno, com uma estrela de brilho exagerado. Um cipreste alto, reto e muito sombrio. Na estrada, uma carro\u00e7a amarela com cavalo branco atrelado e dois viajantes. Muito rom\u00e2ntico, mas tamb\u00e9m proven\u00e7al.<\/p>\n<p>T\u00edtulo da Obra: Estrada com Ciprestes e Estrela<br \/>\nAutor: Vincent van Gogh &#8211; Ano: 1890<\/p>\n<p>Tamanho do quebra-cabe\u00e7a 30,0 x 22,0 cm<br \/>\nQuantidade de pe\u00e7as 500<br \/>\nA partir de 10 anos<\/p>\n","protected":false},"excerpt":{"rendered":"<p>O quebra-cabe\u00e7a com minipe\u00e7as Estrada com Ciprestes e Estrela, traz uma inspiradora arte do artista holand\u00eas Vincent van Gogh. Esta&hellip;<\/p>\n","protected":false},"featured_media":339284,"comment_status":"open","ping_status":"closed","template":"","meta":[],"product_cat":[315,321],"product_tag":[],"_links":{"self":[{"href":"https:\/\/www.livrariarema.com.br\/loja\/wp-json\/wp\/v2\/product\/339285"}],"collection":[{"href":"https:\/\/www.livrariarema.com.br\/loja\/wp-json\/wp\/v2\/product"}],"about":[{"href":"https:\/\/www.livrariarema.com.br\/loja\/wp-json\/wp\/v2\/types\/product"}],"replies":[{"embeddable":true,"href":"https:\/\/www.livrariarema.com.br\/loja\/wp-json\/wp\/v2\/comments?post=339285"}],"wp:featuredmedia":[{"embeddable":true,"href":"https:\/\/www.livrariarema.com.br\/loja\/wp-json\/wp\/v2\/media\/339284"}],"wp:attachment":[{"href":"https:\/\/www.livrariarema.com.br\/loja\/wp-json\/wp\/v2\/media?parent=339285"}],"wp:term":[{"taxonomy":"product_cat","embeddable":true,"href":"https:\/\/www.livrariarema.com.br\/loja\/wp-json\/wp\/v2\/product_cat?post=339285"},{"taxonomy":"product_tag","embeddable":true,"href":"https:\/\/www.livrariarema.com.br\/loja\/wp-json\/wp\/v2\/product_tag?post=339285"}],"curies":[{"name":"wp","href":"https:\/\/api.w.org\/{rel}","templated":true}]}}