{"id":339296,"date":"2025-10-03T10:43:22","date_gmt":"2025-10-03T13:43:22","guid":{"rendered":"https:\/\/www.livrariarema.com.br\/loja\/produtos\/sem categoria\/quebra-cabecas-grow-500-pecas-farol-a-beira-mar\/"},"modified":"2025-11-21T10:10:47","modified_gmt":"2025-11-21T13:10:47","slug":"quebra-cabecas-grow-500-pecas-farol-a-beira-mar","status":"publish","type":"product","link":"https:\/\/www.livrariarema.com.br\/loja\/produtos\/brinquedos\/quebra-cabecas\/quebra-cabecas-grow-500-pecas-farol-a-beira-mar\/","title":{"rendered":"Quebra-Cabe\u00e7as &#8211; Grow &#8211; 500 Pe\u00e7as &#8211; Farol \u00c0 Beira-Mar"},"content":{"rendered":"<p>Deixe-se levar pela calmaria do entardecer com este quebra-cabe\u00e7a que parece uma pintura viva. A imagem retrata um farol \u00e0 beira-mar, iluminado pelos \u00faltimos raios dourados do p\u00f4r do sol, guiando com firmeza os barcos que retornam para casa ao cair da noite.<\/p>\n<p>Ao lado do farol, uma charmosa casa abriga quem cuida da seguran\u00e7a dos navegantes, mantendo viva a luz que orienta cada embarca\u00e7\u00e3o durante a escurid\u00e3o. Uma cena acolhedora, que transmite paz, esperan\u00e7a e prote\u00e7\u00e3o em cada detalhe.<\/p>\n<p>Perfeito para quem busca um momento de pausa, arte e conex\u00e3o com a natureza.<\/p>\n<p>Quantidade de pe\u00e7as: 500<br \/>\nTamanho da imagem: 49,5 x 36,5 cm aproximadamente<br \/>\nA partir de 10 anos<\/p>\n","protected":false},"excerpt":{"rendered":"<p>Deixe-se levar pela calmaria do entardecer com este quebra-cabe\u00e7a que parece uma pintura viva. A imagem retrata um farol \u00e0&hellip;<\/p>\n","protected":false},"featured_media":339295,"comment_status":"open","ping_status":"closed","template":"","meta":[],"product_cat":[315,321],"product_tag":[],"_links":{"self":[{"href":"https:\/\/www.livrariarema.com.br\/loja\/wp-json\/wp\/v2\/product\/339296"}],"collection":[{"href":"https:\/\/www.livrariarema.com.br\/loja\/wp-json\/wp\/v2\/product"}],"about":[{"href":"https:\/\/www.livrariarema.com.br\/loja\/wp-json\/wp\/v2\/types\/product"}],"replies":[{"embeddable":true,"href":"https:\/\/www.livrariarema.com.br\/loja\/wp-json\/wp\/v2\/comments?post=339296"}],"wp:featuredmedia":[{"embeddable":true,"href":"https:\/\/www.livrariarema.com.br\/loja\/wp-json\/wp\/v2\/media\/339295"}],"wp:attachment":[{"href":"https:\/\/www.livrariarema.com.br\/loja\/wp-json\/wp\/v2\/media?parent=339296"}],"wp:term":[{"taxonomy":"product_cat","embeddable":true,"href":"https:\/\/www.livrariarema.com.br\/loja\/wp-json\/wp\/v2\/product_cat?post=339296"},{"taxonomy":"product_tag","embeddable":true,"href":"https:\/\/www.livrariarema.com.br\/loja\/wp-json\/wp\/v2\/product_tag?post=339296"}],"curies":[{"name":"wp","href":"https:\/\/api.w.org\/{rel}","templated":true}]}}