{"id":339298,"date":"2025-10-03T10:43:32","date_gmt":"2025-10-03T13:43:32","guid":{"rendered":"https:\/\/www.livrariarema.com.br\/loja\/produtos\/sem categoria\/quebra-cabecas-grow-500-pecas-mini-cesta-de-labradores\/"},"modified":"2025-10-03T10:43:35","modified_gmt":"2025-10-03T13:43:35","slug":"quebra-cabecas-grow-500-pecas-mini-cesta-de-labradores","status":"publish","type":"product","link":"https:\/\/www.livrariarema.com.br\/loja\/produtos\/brinquedos\/quebra-cabecas\/quebra-cabecas-grow-500-pecas-mini-cesta-de-labradores\/","title":{"rendered":"Quebra-Cabe\u00e7as &#8211; Grow &#8211; 500 Pe\u00e7as &#8211; Mini &#8211; Cesta De Labradores"},"content":{"rendered":"<p>Se voc\u00ea ama cachorros e desafios divertidos, este quebra-cabe\u00e7a \u00e9 feito para voc\u00ea! A imagem fofa de dois filhotes labradores em uma cesta encantadora vai derreter seu cora\u00e7\u00e3o enquanto voc\u00ea monta cada pe\u00e7a.<\/p>\n<p>Com 500 pe\u00e7as no formato mini, este modelo \u00e9 ideal para quem busca uma experi\u00eancia mais detalhada e estimulante. A ilustra\u00e7\u00e3o \u00e9 rica em cores e detalhes, perfeita para adultos e jovens a partir de 10 anos.<\/p>\n<p>Tamanho do puzzle 30,0 x 22,0 cm<br \/>\nQuantidade de pe\u00e7as 500<br \/>\nA partir de 10 anos<\/p>\n","protected":false},"excerpt":{"rendered":"<p>Se voc\u00ea ama cachorros e desafios divertidos, este quebra-cabe\u00e7a \u00e9 feito para voc\u00ea! A imagem fofa de dois filhotes labradores&hellip;<\/p>\n","protected":false},"featured_media":339297,"comment_status":"open","ping_status":"closed","template":"","meta":[],"product_cat":[315,321],"product_tag":[],"_links":{"self":[{"href":"https:\/\/www.livrariarema.com.br\/loja\/wp-json\/wp\/v2\/product\/339298"}],"collection":[{"href":"https:\/\/www.livrariarema.com.br\/loja\/wp-json\/wp\/v2\/product"}],"about":[{"href":"https:\/\/www.livrariarema.com.br\/loja\/wp-json\/wp\/v2\/types\/product"}],"replies":[{"embeddable":true,"href":"https:\/\/www.livrariarema.com.br\/loja\/wp-json\/wp\/v2\/comments?post=339298"}],"wp:featuredmedia":[{"embeddable":true,"href":"https:\/\/www.livrariarema.com.br\/loja\/wp-json\/wp\/v2\/media\/339297"}],"wp:attachment":[{"href":"https:\/\/www.livrariarema.com.br\/loja\/wp-json\/wp\/v2\/media?parent=339298"}],"wp:term":[{"taxonomy":"product_cat","embeddable":true,"href":"https:\/\/www.livrariarema.com.br\/loja\/wp-json\/wp\/v2\/product_cat?post=339298"},{"taxonomy":"product_tag","embeddable":true,"href":"https:\/\/www.livrariarema.com.br\/loja\/wp-json\/wp\/v2\/product_tag?post=339298"}],"curies":[{"name":"wp","href":"https:\/\/api.w.org\/{rel}","templated":true}]}}