{"id":339300,"date":"2025-10-03T10:43:38","date_gmt":"2025-10-03T13:43:38","guid":{"rendered":"https:\/\/www.livrariarema.com.br\/loja\/produtos\/sem categoria\/quebra-cabecas-grow-500-pecas-mapa-mundi\/"},"modified":"2025-12-17T20:10:38","modified_gmt":"2025-12-17T23:10:38","slug":"quebra-cabecas-grow-500-pecas-mapa-mundi","status":"publish","type":"product","link":"https:\/\/www.livrariarema.com.br\/loja\/produtos\/brinquedos\/quebra-cabecas\/quebra-cabecas-grow-500-pecas-mapa-mundi\/","title":{"rendered":"Quebra-Cabe\u00e7as &#8211; Grow &#8211; 500 Pe\u00e7as &#8211; Mapa-Mundi"},"content":{"rendered":"<p>Explore cada canto do planeta com curiosidade e imagina\u00e7\u00e3o.<br \/>\nEste Mapa-M\u00fandi do S\u00e9culo XXI \u00e9 o convite perfeito para sua pr\u00f3xima aventura.<\/p>\n<p>Ideal para mentes que sonham alto, aprendem sempre e vivem descobrindo o mundo!<\/p>\n<p>Quantidade de pe\u00e7as: 500<br \/>\nTamanho da imagem aproximadamente: 49,5 x 36,5 cm<\/p>\n","protected":false},"excerpt":{"rendered":"<p>Explore cada canto do planeta com curiosidade e imagina\u00e7\u00e3o. Este Mapa-M\u00fandi do S\u00e9culo XXI \u00e9 o convite perfeito para sua&hellip;<\/p>\n","protected":false},"featured_media":339299,"comment_status":"open","ping_status":"closed","template":"","meta":[],"product_cat":[315,321],"product_tag":[],"_links":{"self":[{"href":"https:\/\/www.livrariarema.com.br\/loja\/wp-json\/wp\/v2\/product\/339300"}],"collection":[{"href":"https:\/\/www.livrariarema.com.br\/loja\/wp-json\/wp\/v2\/product"}],"about":[{"href":"https:\/\/www.livrariarema.com.br\/loja\/wp-json\/wp\/v2\/types\/product"}],"replies":[{"embeddable":true,"href":"https:\/\/www.livrariarema.com.br\/loja\/wp-json\/wp\/v2\/comments?post=339300"}],"wp:featuredmedia":[{"embeddable":true,"href":"https:\/\/www.livrariarema.com.br\/loja\/wp-json\/wp\/v2\/media\/339299"}],"wp:attachment":[{"href":"https:\/\/www.livrariarema.com.br\/loja\/wp-json\/wp\/v2\/media?parent=339300"}],"wp:term":[{"taxonomy":"product_cat","embeddable":true,"href":"https:\/\/www.livrariarema.com.br\/loja\/wp-json\/wp\/v2\/product_cat?post=339300"},{"taxonomy":"product_tag","embeddable":true,"href":"https:\/\/www.livrariarema.com.br\/loja\/wp-json\/wp\/v2\/product_tag?post=339300"}],"curies":[{"name":"wp","href":"https:\/\/api.w.org\/{rel}","templated":true}]}}