{"id":339302,"date":"2025-10-03T10:43:49","date_gmt":"2025-10-03T13:43:49","guid":{"rendered":"https:\/\/www.livrariarema.com.br\/loja\/produtos\/sem categoria\/quebra-cabecas-grow-2000-pecas-villagio-ditalia\/"},"modified":"2025-10-03T10:43:52","modified_gmt":"2025-10-03T13:43:52","slug":"quebra-cabecas-grow-2000-pecas-villagio-ditalia","status":"publish","type":"product","link":"https:\/\/www.livrariarema.com.br\/loja\/produtos\/brinquedos\/quebra-cabecas\/quebra-cabecas-grow-2000-pecas-villagio-ditalia\/","title":{"rendered":"Quebra-Cabe\u00e7as &#8211; Grow &#8211; 2000 Pe\u00e7as &#8211; Villagio D`Italia"},"content":{"rendered":"<p>Cada detalhe desta imagem celebra a beleza dos pequenos povoados italianos, com suas ruelas de pedra, varandas floridas, locais acolhedores e o reflexo sereno dos barcos no canal.<br \/>\nPerfeita para quem carrega no cora\u00e7\u00e3o um peda\u00e7o da It\u00e1lia!<\/p>\n<p>Dimens\u00f5es aproximadas 70,4 x 97,8 cm<br \/>\nCont\u00e9m 2000 pe\u00e7as<\/p>\n","protected":false},"excerpt":{"rendered":"<p>Cada detalhe desta imagem celebra a beleza dos pequenos povoados italianos, com suas ruelas de pedra, varandas floridas, locais acolhedores&hellip;<\/p>\n","protected":false},"featured_media":339301,"comment_status":"open","ping_status":"closed","template":"","meta":[],"product_cat":[315,321],"product_tag":[],"_links":{"self":[{"href":"https:\/\/www.livrariarema.com.br\/loja\/wp-json\/wp\/v2\/product\/339302"}],"collection":[{"href":"https:\/\/www.livrariarema.com.br\/loja\/wp-json\/wp\/v2\/product"}],"about":[{"href":"https:\/\/www.livrariarema.com.br\/loja\/wp-json\/wp\/v2\/types\/product"}],"replies":[{"embeddable":true,"href":"https:\/\/www.livrariarema.com.br\/loja\/wp-json\/wp\/v2\/comments?post=339302"}],"wp:featuredmedia":[{"embeddable":true,"href":"https:\/\/www.livrariarema.com.br\/loja\/wp-json\/wp\/v2\/media\/339301"}],"wp:attachment":[{"href":"https:\/\/www.livrariarema.com.br\/loja\/wp-json\/wp\/v2\/media?parent=339302"}],"wp:term":[{"taxonomy":"product_cat","embeddable":true,"href":"https:\/\/www.livrariarema.com.br\/loja\/wp-json\/wp\/v2\/product_cat?post=339302"},{"taxonomy":"product_tag","embeddable":true,"href":"https:\/\/www.livrariarema.com.br\/loja\/wp-json\/wp\/v2\/product_tag?post=339302"}],"curies":[{"name":"wp","href":"https:\/\/api.w.org\/{rel}","templated":true}]}}