{"id":339360,"date":"2025-10-14T10:07:36","date_gmt":"2025-10-14T13:07:36","guid":{"rendered":"https:\/\/www.livrariarema.com.br\/loja\/produtos\/sem categoria\/bloco-de-desenho-ridet-20-folhas-brancas-180-g-m%c2%b2\/"},"modified":"2026-03-17T09:40:46","modified_gmt":"2026-03-17T12:40:46","slug":"bloco-de-desenho-ridet-20-folhas-brancas-180-g-m%c2%b2","status":"publish","type":"product","link":"https:\/\/www.livrariarema.com.br\/loja\/produtos\/papelaria\/bloco\/bloco-de-desenho-ridet-20-folhas-brancas-180-g-m%c2%b2\/","title":{"rendered":"Bloco De Desenho &#8211; Ridet &#8211; 20 Folhas Brancas &#8211; 180 G\/M\u00b2"},"content":{"rendered":"<p>O Bloco de Desenho RIDET da cole\u00e7\u00e3o EcoCores \u00e9 ideal para quem busca qualidade e versatilidade em atividades art\u00edsticas e escolares. <br \/>\nCom papel branco, gramatura de 180 g\/m\u00b2 e formato A4, ele oferece resist\u00eancia e excelente desempenho para desenho, pintura, colagem e recorte. <br \/>\nCont\u00e9m 20 folhas, perfeitas para estudantes, professores e artistas. <br \/>\nTamanho A4: 210mm x 297mm.<\/p>\n","protected":false},"excerpt":{"rendered":"<p>O Bloco de Desenho RIDET da cole\u00e7\u00e3o EcoCores \u00e9 ideal para quem busca qualidade e versatilidade em atividades art\u00edsticas e&hellip;<\/p>\n","protected":false},"featured_media":339359,"comment_status":"open","ping_status":"closed","template":"","meta":[],"product_cat":[239,215],"product_tag":[],"_links":{"self":[{"href":"https:\/\/www.livrariarema.com.br\/loja\/wp-json\/wp\/v2\/product\/339360"}],"collection":[{"href":"https:\/\/www.livrariarema.com.br\/loja\/wp-json\/wp\/v2\/product"}],"about":[{"href":"https:\/\/www.livrariarema.com.br\/loja\/wp-json\/wp\/v2\/types\/product"}],"replies":[{"embeddable":true,"href":"https:\/\/www.livrariarema.com.br\/loja\/wp-json\/wp\/v2\/comments?post=339360"}],"wp:featuredmedia":[{"embeddable":true,"href":"https:\/\/www.livrariarema.com.br\/loja\/wp-json\/wp\/v2\/media\/339359"}],"wp:attachment":[{"href":"https:\/\/www.livrariarema.com.br\/loja\/wp-json\/wp\/v2\/media?parent=339360"}],"wp:term":[{"taxonomy":"product_cat","embeddable":true,"href":"https:\/\/www.livrariarema.com.br\/loja\/wp-json\/wp\/v2\/product_cat?post=339360"},{"taxonomy":"product_tag","embeddable":true,"href":"https:\/\/www.livrariarema.com.br\/loja\/wp-json\/wp\/v2\/product_tag?post=339360"}],"curies":[{"name":"wp","href":"https:\/\/api.w.org\/{rel}","templated":true}]}}