{"id":339393,"date":"2025-10-16T10:59:33","date_gmt":"2025-10-16T13:59:33","guid":{"rendered":"https:\/\/www.livrariarema.com.br\/loja\/produtos\/sem categoria\/minha-biblia-kids-velho-testamento\/"},"modified":"2026-01-07T14:30:56","modified_gmt":"2026-01-07T17:30:56","slug":"minha-biblia-kids-velho-testamento","status":"publish","type":"product","link":"https:\/\/www.livrariarema.com.br\/loja\/produtos\/biblias\/infantil-biblias\/minha-biblia-kids-velho-testamento\/","title":{"rendered":"Minha Biblia Kids &#8211; Velho Testamento"},"content":{"rendered":"<p>A Minha B\u00edblia Kids foi criada para aproximar as crian\u00e7as das grandes hist\u00f3rias da f\u00e9 de um jeito especial, cheio de cores vibrantes, imagens encantadoras e uma linguagem leve, que cabe direitinho no cora\u00e7\u00e3o dos pequenos. Cada p\u00e1gina abre caminho para a imagina\u00e7\u00e3o e desperta a curiosidade, transformando a leitura em um momento feliz de aprendizado, descobertas e encantamento.<\/p>\n<p>Em suas p\u00e1ginas, cada livro da B\u00edblia ganha vida com uma narrativa adaptada e ricamente ilustrada &#8211; afinal, \u00e9 uma hist\u00f3ria contada e ilustrada a cada livro da B\u00edblia. Assim, os pequenos podem conhecer, passo a passo, a mensagem de amor, esperan\u00e7a e f\u00e9 que atravessa toda a Escritura. A cada hist\u00f3ria, a crian\u00e7a se sente parte do enredo, aprendendo valores que fortalecem a vida espiritual e ajudam na forma\u00e7\u00e3o do car\u00e1ter.<\/p>\n<p>Mais do que um simples livro, a Minha B\u00edblia Kids \u00e9 uma oportunidade preciosa de compartilhar momentos em fam\u00edlia. Pais e filhos podem se reunir para ler juntos, criar mem\u00f3rias inesquec\u00edveis e cultivar valores que acompanham para sempre. \u00c9 um convite para transformar a leitura da Palavra em um h\u00e1bito prazeroso, cheio de significado, onde a f\u00e9 se mistura com alegria e o aprendizado vira parte natural do dia a dia das crian\u00e7as.<\/p>\n<p>E para que cada detalhe seja ainda mais especial, a Minha B\u00edblia Kids foi produzida com acabamento de alta qualidade: capa dura, papel couch\u00ea, no tamanho 15,5 x 23 cm, unindo durabilidade, beleza e conforto na hora da leitura.<\/p>\n","protected":false},"excerpt":{"rendered":"<p>A Minha B\u00edblia Kids foi criada para aproximar as crian\u00e7as das grandes hist\u00f3rias da f\u00e9 de um jeito especial, cheio&hellip;<\/p>\n","protected":false},"featured_media":339392,"comment_status":"open","ping_status":"closed","template":"","meta":[],"product_cat":[139,202],"product_tag":[],"_links":{"self":[{"href":"https:\/\/www.livrariarema.com.br\/loja\/wp-json\/wp\/v2\/product\/339393"}],"collection":[{"href":"https:\/\/www.livrariarema.com.br\/loja\/wp-json\/wp\/v2\/product"}],"about":[{"href":"https:\/\/www.livrariarema.com.br\/loja\/wp-json\/wp\/v2\/types\/product"}],"replies":[{"embeddable":true,"href":"https:\/\/www.livrariarema.com.br\/loja\/wp-json\/wp\/v2\/comments?post=339393"}],"wp:featuredmedia":[{"embeddable":true,"href":"https:\/\/www.livrariarema.com.br\/loja\/wp-json\/wp\/v2\/media\/339392"}],"wp:attachment":[{"href":"https:\/\/www.livrariarema.com.br\/loja\/wp-json\/wp\/v2\/media?parent=339393"}],"wp:term":[{"taxonomy":"product_cat","embeddable":true,"href":"https:\/\/www.livrariarema.com.br\/loja\/wp-json\/wp\/v2\/product_cat?post=339393"},{"taxonomy":"product_tag","embeddable":true,"href":"https:\/\/www.livrariarema.com.br\/loja\/wp-json\/wp\/v2\/product_tag?post=339393"}],"curies":[{"name":"wp","href":"https:\/\/api.w.org\/{rel}","templated":true}]}}