{"id":339441,"date":"2025-10-20T14:12:42","date_gmt":"2025-10-20T17:12:42","guid":{"rendered":"https:\/\/www.livrariarema.com.br\/loja\/produtos\/sem categoria\/rvr056clgpjrtiz-bra-biblia-em-espanhol-reina-valera-com-indice-ziper-triotone-rosa\/"},"modified":"2026-01-20T13:00:30","modified_gmt":"2026-01-20T16:00:30","slug":"rvr056clgpjrtiz-bra-biblia-em-espanhol-reina-valera-com-indice-ziper-triotone-rosa","status":"publish","type":"product","link":"https:\/\/www.livrariarema.com.br\/loja\/produtos\/biblias\/outros-idiomas\/rvr056clgpjrtiz-bra-biblia-em-espanhol-reina-valera-com-indice-ziper-triotone-rosa\/","title":{"rendered":"Rvr056clgpjrtiz-Bra &#8211; Biblia Em Espanhol &#8211; Reina-Valera &#8211; Com \u00cdndice &#8211; Z\u00edper &#8211; Triotone Rosa"},"content":{"rendered":"<p>B\u00edblia Sagrada com ampla concord\u00e2ncia, letras grandes, e palavras de Jesus em vermelho.<\/p>\n","protected":false},"excerpt":{"rendered":"<p>B\u00edblia Sagrada com ampla concord\u00e2ncia, letras grandes, e palavras de Jesus em vermelho.<\/p>\n","protected":false},"featured_media":339440,"comment_status":"open","ping_status":"closed","template":"","meta":[],"product_cat":[139,141],"product_tag":[],"_links":{"self":[{"href":"https:\/\/www.livrariarema.com.br\/loja\/wp-json\/wp\/v2\/product\/339441"}],"collection":[{"href":"https:\/\/www.livrariarema.com.br\/loja\/wp-json\/wp\/v2\/product"}],"about":[{"href":"https:\/\/www.livrariarema.com.br\/loja\/wp-json\/wp\/v2\/types\/product"}],"replies":[{"embeddable":true,"href":"https:\/\/www.livrariarema.com.br\/loja\/wp-json\/wp\/v2\/comments?post=339441"}],"wp:featuredmedia":[{"embeddable":true,"href":"https:\/\/www.livrariarema.com.br\/loja\/wp-json\/wp\/v2\/media\/339440"}],"wp:attachment":[{"href":"https:\/\/www.livrariarema.com.br\/loja\/wp-json\/wp\/v2\/media?parent=339441"}],"wp:term":[{"taxonomy":"product_cat","embeddable":true,"href":"https:\/\/www.livrariarema.com.br\/loja\/wp-json\/wp\/v2\/product_cat?post=339441"},{"taxonomy":"product_tag","embeddable":true,"href":"https:\/\/www.livrariarema.com.br\/loja\/wp-json\/wp\/v2\/product_tag?post=339441"}],"curies":[{"name":"wp","href":"https:\/\/api.w.org\/{rel}","templated":true}]}}