{"id":339443,"date":"2025-10-20T14:12:53","date_gmt":"2025-10-20T17:12:53","guid":{"rendered":"https:\/\/www.livrariarema.com.br\/loja\/produtos\/sem categoria\/rvr-63uecfbpjr-biblia-em-espanhol-reina-valera-capa-dura-ilustrada\/"},"modified":"2026-03-14T11:50:43","modified_gmt":"2026-03-14T14:50:43","slug":"rvr-63uecfbpjr-biblia-em-espanhol-reina-valera-capa-dura-ilustrada","status":"publish","type":"product","link":"https:\/\/www.livrariarema.com.br\/loja\/produtos\/biblias\/outros-idiomas\/rvr-63uecfbpjr-biblia-em-espanhol-reina-valera-capa-dura-ilustrada\/","title":{"rendered":"Rvr.63Uecfbpjr &#8211; Biblia Em Espanhol &#8211; Reina-Valera &#8211; Capa Dura &#8211; Ilustrada"},"content":{"rendered":"<p>Santa B\u00edblia Reina Valera 1960 Fonte de B\u00ean\u00e7\u00e3os com Concord\u00e2ncia.<\/p>\n","protected":false},"excerpt":{"rendered":"<p>Santa B\u00edblia Reina Valera 1960 Fonte de B\u00ean\u00e7\u00e3os com Concord\u00e2ncia.<\/p>\n","protected":false},"featured_media":339442,"comment_status":"open","ping_status":"closed","template":"","meta":[],"product_cat":[139,141],"product_tag":[],"_links":{"self":[{"href":"https:\/\/www.livrariarema.com.br\/loja\/wp-json\/wp\/v2\/product\/339443"}],"collection":[{"href":"https:\/\/www.livrariarema.com.br\/loja\/wp-json\/wp\/v2\/product"}],"about":[{"href":"https:\/\/www.livrariarema.com.br\/loja\/wp-json\/wp\/v2\/types\/product"}],"replies":[{"embeddable":true,"href":"https:\/\/www.livrariarema.com.br\/loja\/wp-json\/wp\/v2\/comments?post=339443"}],"wp:featuredmedia":[{"embeddable":true,"href":"https:\/\/www.livrariarema.com.br\/loja\/wp-json\/wp\/v2\/media\/339442"}],"wp:attachment":[{"href":"https:\/\/www.livrariarema.com.br\/loja\/wp-json\/wp\/v2\/media?parent=339443"}],"wp:term":[{"taxonomy":"product_cat","embeddable":true,"href":"https:\/\/www.livrariarema.com.br\/loja\/wp-json\/wp\/v2\/product_cat?post=339443"},{"taxonomy":"product_tag","embeddable":true,"href":"https:\/\/www.livrariarema.com.br\/loja\/wp-json\/wp\/v2\/product_tag?post=339443"}],"curies":[{"name":"wp","href":"https:\/\/api.w.org\/{rel}","templated":true}]}}