{"id":339445,"date":"2025-10-20T14:13:09","date_gmt":"2025-10-20T17:13:09","guid":{"rendered":"https:\/\/www.livrariarema.com.br\/loja\/produtos\/sem categoria\/rvr-63uecfbpjr-biblia-em-espanhol-reina-valera-capa-dura-ilustrada-jovem\/"},"modified":"2025-12-23T18:41:05","modified_gmt":"2025-12-23T21:41:05","slug":"rvr-63uecfbpjr-biblia-em-espanhol-reina-valera-capa-dura-ilustrada-jovem","status":"publish","type":"product","link":"https:\/\/www.livrariarema.com.br\/loja\/produtos\/biblias\/outros-idiomas\/rvr-63uecfbpjr-biblia-em-espanhol-reina-valera-capa-dura-ilustrada-jovem\/","title":{"rendered":"Rvr.63Uecfbpjr &#8211; Biblia Em Espanhol &#8211; Reina-Valera &#8211; Capa Dura &#8211; Ilustrada &#8211; Jovem"},"content":{"rendered":"<p>Em 1946, as Sociedades B\u00edblicas Unidas perceberam a necessidade de realizar uma revis\u00e3o da B\u00edblia Reina Valera, tendo em vista a necessidade de facilitar a linguagem para os pa\u00edses de l\u00edngua espanhola.<\/p>\n","protected":false},"excerpt":{"rendered":"<p>Em 1946, as Sociedades B\u00edblicas Unidas perceberam a necessidade de realizar uma revis\u00e3o da B\u00edblia Reina Valera, tendo em vista&hellip;<\/p>\n","protected":false},"featured_media":339444,"comment_status":"open","ping_status":"closed","template":"","meta":[],"product_cat":[139,141],"product_tag":[],"_links":{"self":[{"href":"https:\/\/www.livrariarema.com.br\/loja\/wp-json\/wp\/v2\/product\/339445"}],"collection":[{"href":"https:\/\/www.livrariarema.com.br\/loja\/wp-json\/wp\/v2\/product"}],"about":[{"href":"https:\/\/www.livrariarema.com.br\/loja\/wp-json\/wp\/v2\/types\/product"}],"replies":[{"embeddable":true,"href":"https:\/\/www.livrariarema.com.br\/loja\/wp-json\/wp\/v2\/comments?post=339445"}],"wp:featuredmedia":[{"embeddable":true,"href":"https:\/\/www.livrariarema.com.br\/loja\/wp-json\/wp\/v2\/media\/339444"}],"wp:attachment":[{"href":"https:\/\/www.livrariarema.com.br\/loja\/wp-json\/wp\/v2\/media?parent=339445"}],"wp:term":[{"taxonomy":"product_cat","embeddable":true,"href":"https:\/\/www.livrariarema.com.br\/loja\/wp-json\/wp\/v2\/product_cat?post=339445"},{"taxonomy":"product_tag","embeddable":true,"href":"https:\/\/www.livrariarema.com.br\/loja\/wp-json\/wp\/v2\/product_tag?post=339445"}],"curies":[{"name":"wp","href":"https:\/\/api.w.org\/{rel}","templated":true}]}}