{"id":339492,"date":"2025-10-20T15:49:24","date_gmt":"2025-10-20T18:49:24","guid":{"rendered":"https:\/\/www.livrariarema.com.br\/loja\/produtos\/sem categoria\/circulos-nao-sao-infinitos-vitoria-souza\/"},"modified":"2026-04-13T17:51:25","modified_gmt":"2026-04-13T20:51:25","slug":"circulos-nao-sao-infinitos-vitoria-souza","status":"publish","type":"product","link":"https:\/\/www.livrariarema.com.br\/loja\/produtos\/livros\/ficcao\/circulos-nao-sao-infinitos-vitoria-souza\/","title":{"rendered":"C\u00edrculos N\u00e3o S\u00e3o Infinitos &#8211; Vit\u00f3ria Souza"},"content":{"rendered":"<p>Trinta dias de licen\u00e7a. Um casamento \u00e0 beira do div\u00f3rcio. Uma mente que sabota a si mesma.<\/p>\n<p>Essa \u00e9 a realidade em que se encontra Maeve Lee, uma escritora bem-sucedida de vinte e seis anos. Tendo um cora\u00e7\u00e3o pesado e uma sensibilidade que, por vezes, se torna um fardo, ela se v\u00ea, mais uma vez, perdida.<\/p>\n<p>Por\u00e9m, em um dia comum, ao encontrar um livro inquietante, Maeve come\u00e7a a viajar no tempo e, passeando por sua pr\u00f3pria exist\u00eancia, embarca em uma jornada para encontrar a si mesma.<\/p>\n","protected":false},"excerpt":{"rendered":"<p>Trinta dias de licen\u00e7a. Um casamento \u00e0 beira do div\u00f3rcio. Uma mente que sabota a si mesma. Essa \u00e9 a&hellip;<\/p>\n","protected":false},"featured_media":339491,"comment_status":"open","ping_status":"closed","template":"","meta":[],"product_cat":[162,134],"product_tag":[],"_links":{"self":[{"href":"https:\/\/www.livrariarema.com.br\/loja\/wp-json\/wp\/v2\/product\/339492"}],"collection":[{"href":"https:\/\/www.livrariarema.com.br\/loja\/wp-json\/wp\/v2\/product"}],"about":[{"href":"https:\/\/www.livrariarema.com.br\/loja\/wp-json\/wp\/v2\/types\/product"}],"replies":[{"embeddable":true,"href":"https:\/\/www.livrariarema.com.br\/loja\/wp-json\/wp\/v2\/comments?post=339492"}],"wp:featuredmedia":[{"embeddable":true,"href":"https:\/\/www.livrariarema.com.br\/loja\/wp-json\/wp\/v2\/media\/339491"}],"wp:attachment":[{"href":"https:\/\/www.livrariarema.com.br\/loja\/wp-json\/wp\/v2\/media?parent=339492"}],"wp:term":[{"taxonomy":"product_cat","embeddable":true,"href":"https:\/\/www.livrariarema.com.br\/loja\/wp-json\/wp\/v2\/product_cat?post=339492"},{"taxonomy":"product_tag","embeddable":true,"href":"https:\/\/www.livrariarema.com.br\/loja\/wp-json\/wp\/v2\/product_tag?post=339492"}],"curies":[{"name":"wp","href":"https:\/\/api.w.org\/{rel}","templated":true}]}}