{"id":339496,"date":"2025-10-20T15:49:53","date_gmt":"2025-10-20T18:49:53","guid":{"rendered":"https:\/\/www.livrariarema.com.br\/loja\/produtos\/sem categoria\/veneno-da-lingua-o-lucas-nascimento\/"},"modified":"2026-03-04T13:27:45","modified_gmt":"2026-03-04T16:27:45","slug":"veneno-da-lingua-o-lucas-nascimento","status":"publish","type":"product","link":"https:\/\/www.livrariarema.com.br\/loja\/produtos\/livros\/vida-crista\/veneno-da-lingua-o-lucas-nascimento\/","title":{"rendered":"Veneno Da L\u00edngua, O &#8211; Lucas Nascimento"},"content":{"rendered":"<p>Nossas palavras constroem &#8211; ou destroem. Em O veneno da l\u00edngua, Lucas Nascimento nos leva a refletir com profundidade sobre o poder que h\u00e1 no que dizemos: sobre n\u00f3s, sobre os outros e at\u00e9 sobre Deus.<\/p>\n<p>Com base s\u00f3lida nas Escrituras e em uma linguagem acess\u00edvel e envolvente, o autor exp\u00f5e como a l\u00edngua, quando mal usada, pode ser uma arma afiada, mas tamb\u00e9m nos lembra que ela foi criada para gerar vida, b\u00ean\u00e7\u00e3o e reconcilia\u00e7\u00e3o.<\/p>\n<p>Este livro \u00e9 um chamado urgente para quem deseja alinhar fala e f\u00e9, e transformar sua maneira de se comunicar com sabedoria, gra\u00e7a e verdade.<\/p>\n","protected":false},"excerpt":{"rendered":"<p>Nossas palavras constroem &#8211; ou destroem. Em O veneno da l\u00edngua, Lucas Nascimento nos leva a refletir com profundidade sobre&hellip;<\/p>\n","protected":false},"featured_media":345847,"comment_status":"open","ping_status":"closed","template":"","meta":[],"product_cat":[134,137],"product_tag":[],"_links":{"self":[{"href":"https:\/\/www.livrariarema.com.br\/loja\/wp-json\/wp\/v2\/product\/339496"}],"collection":[{"href":"https:\/\/www.livrariarema.com.br\/loja\/wp-json\/wp\/v2\/product"}],"about":[{"href":"https:\/\/www.livrariarema.com.br\/loja\/wp-json\/wp\/v2\/types\/product"}],"replies":[{"embeddable":true,"href":"https:\/\/www.livrariarema.com.br\/loja\/wp-json\/wp\/v2\/comments?post=339496"}],"wp:featuredmedia":[{"embeddable":true,"href":"https:\/\/www.livrariarema.com.br\/loja\/wp-json\/wp\/v2\/media\/345847"}],"wp:attachment":[{"href":"https:\/\/www.livrariarema.com.br\/loja\/wp-json\/wp\/v2\/media?parent=339496"}],"wp:term":[{"taxonomy":"product_cat","embeddable":true,"href":"https:\/\/www.livrariarema.com.br\/loja\/wp-json\/wp\/v2\/product_cat?post=339496"},{"taxonomy":"product_tag","embeddable":true,"href":"https:\/\/www.livrariarema.com.br\/loja\/wp-json\/wp\/v2\/product_tag?post=339496"}],"curies":[{"name":"wp","href":"https:\/\/api.w.org\/{rel}","templated":true}]}}