{"id":339500,"date":"2025-10-20T15:50:25","date_gmt":"2025-10-20T18:50:25","guid":{"rendered":"https:\/\/www.livrariarema.com.br\/loja\/produtos\/sem categoria\/bem-aventuradas-alana-carla\/"},"modified":"2026-03-05T15:14:10","modified_gmt":"2026-03-05T18:14:10","slug":"bem-aventuradas-alana-carla","status":"publish","type":"product","link":"https:\/\/www.livrariarema.com.br\/loja\/produtos\/livros\/mulher\/bem-aventuradas-alana-carla\/","title":{"rendered":"Bem-Aventuradas &#8211; Alana Carla"},"content":{"rendered":"<p>Em tempos de busca por reconhecimento, felicidade instant\u00e2nea e vida perfeita nas redes, este livro \u00e9 um convite sereno (e poderoso) a repensar o que realmente significa ser feliz segundo o Evangelho. Alana Carla nos conduz pelas bem-aventuran\u00e7as com profundidade b\u00edblica, sensibilidade feminina e uma vis\u00e3o transformadora do Reino.<\/p>\n","protected":false},"excerpt":{"rendered":"<p>Em tempos de busca por reconhecimento, felicidade instant\u00e2nea e vida perfeita nas redes, este livro \u00e9 um convite sereno (e&hellip;<\/p>\n","protected":false},"featured_media":345865,"comment_status":"open","ping_status":"closed","template":"","meta":[],"product_cat":[134,170],"product_tag":[],"_links":{"self":[{"href":"https:\/\/www.livrariarema.com.br\/loja\/wp-json\/wp\/v2\/product\/339500"}],"collection":[{"href":"https:\/\/www.livrariarema.com.br\/loja\/wp-json\/wp\/v2\/product"}],"about":[{"href":"https:\/\/www.livrariarema.com.br\/loja\/wp-json\/wp\/v2\/types\/product"}],"replies":[{"embeddable":true,"href":"https:\/\/www.livrariarema.com.br\/loja\/wp-json\/wp\/v2\/comments?post=339500"}],"wp:featuredmedia":[{"embeddable":true,"href":"https:\/\/www.livrariarema.com.br\/loja\/wp-json\/wp\/v2\/media\/345865"}],"wp:attachment":[{"href":"https:\/\/www.livrariarema.com.br\/loja\/wp-json\/wp\/v2\/media?parent=339500"}],"wp:term":[{"taxonomy":"product_cat","embeddable":true,"href":"https:\/\/www.livrariarema.com.br\/loja\/wp-json\/wp\/v2\/product_cat?post=339500"},{"taxonomy":"product_tag","embeddable":true,"href":"https:\/\/www.livrariarema.com.br\/loja\/wp-json\/wp\/v2\/product_tag?post=339500"}],"curies":[{"name":"wp","href":"https:\/\/api.w.org\/{rel}","templated":true}]}}